{"id":1877,"date":"2025-03-12T15:28:47","date_gmt":"2025-03-12T14:28:47","guid":{"rendered":"https:\/\/www.energiversum.se\/?page_id=1877"},"modified":"2025-03-13T11:23:36","modified_gmt":"2025-03-13T10:23:36","slug":"klassisk-svensk-massage","status":"publish","type":"page","link":"https:\/\/www.energiversum.se\/?page_id=1877","title":{"rendered":"Klassisk svensk massage"},"content":{"rendered":"\t\t<div data-elementor-type=\"wp-page\" data-elementor-id=\"1877\" class=\"elementor elementor-1877\">\n\t\t\t\t\t\t<section class=\"elementor-section elementor-top-section elementor-element elementor-element-72346aa elementor-section-boxed elementor-section-height-default elementor-section-height-default\" data-id=\"72346aa\" data-element_type=\"section\">\n\t\t\t\t\t\t<div class=\"elementor-container elementor-column-gap-default\">\n\t\t\t\t\t<div class=\"elementor-column elementor-col-100 elementor-top-column elementor-element elementor-element-5e05c20\" data-id=\"5e05c20\" data-element_type=\"column\">\n\t\t\t<div class=\"elementor-widget-wrap elementor-element-populated\">\n\t\t\t\t\t\t<div class=\"elementor-element elementor-element-bb41e06 elementor-widget elementor-widget-image\" data-id=\"bb41e06\" data-element_type=\"widget\" data-widget_type=\"image.default\">\n\t\t\t\t<div class=\"elementor-widget-container\">\n\t\t\t\t\t\t\t\t\t\t\t\t\t\t\t<img fetchpriority=\"high\" decoding=\"async\" width=\"584\" height=\"225\" src=\"https:\/\/www.energiversum.se\/wp-content\/uploads\/2023\/06\/Paradisetwebb20-4-1024x395.jpg\" class=\"attachment-large size-large wp-image-1021\" alt=\"\" srcset=\"https:\/\/www.energiversum.se\/wp-content\/uploads\/2023\/06\/Paradisetwebb20-4-1024x395.jpg 1024w, https:\/\/www.energiversum.se\/wp-content\/uploads\/2023\/06\/Paradisetwebb20-4-600x231.jpg 600w, https:\/\/www.energiversum.se\/wp-content\/uploads\/2023\/06\/Paradisetwebb20-4-300x116.jpg 300w, https:\/\/www.energiversum.se\/wp-content\/uploads\/2023\/06\/Paradisetwebb20-4-768x296.jpg 768w, https:\/\/www.energiversum.se\/wp-content\/uploads\/2023\/06\/Paradisetwebb20-4-1536x592.jpg 1536w, https:\/\/www.energiversum.se\/wp-content\/uploads\/2023\/06\/Paradisetwebb20-4-1200x463.jpg 1200w, https:\/\/www.energiversum.se\/wp-content\/uploads\/2023\/06\/Paradisetwebb20-4-1320x509.jpg 1320w, https:\/\/www.energiversum.se\/wp-content\/uploads\/2023\/06\/Paradisetwebb20-4.jpg 1920w\" sizes=\"(max-width: 584px) 100vw, 584px\" \/>\t\t\t\t\t\t\t\t\t\t\t\t\t\t\t<\/div>\n\t\t\t\t<\/div>\n\t\t\t\t\t<\/div>\n\t\t<\/div>\n\t\t\t\t\t<\/div>\n\t\t<\/section>\n\t\t\t\t<section class=\"elementor-section elementor-top-section elementor-element elementor-element-cc4cf94 elementor-section-boxed elementor-section-height-default elementor-section-height-default\" data-id=\"cc4cf94\" data-element_type=\"section\">\n\t\t\t\t\t\t<div class=\"elementor-container elementor-column-gap-default\">\n\t\t\t\t\t<div class=\"elementor-column elementor-col-100 elementor-top-column elementor-element elementor-element-736ff9c\" data-id=\"736ff9c\" data-element_type=\"column\">\n\t\t\t<div class=\"elementor-widget-wrap elementor-element-populated\">\n\t\t\t\t\t\t<div class=\"elementor-element elementor-element-dec506a elementor-widget elementor-widget-text-editor\" data-id=\"dec506a\" data-element_type=\"widget\" data-widget_type=\"text-editor.default\">\n\t\t\t\t<div class=\"elementor-widget-container\">\n\t\t\t\t\t\t\t\t\t<p><strong>Den klassiska svenska massagen har sina r\u00f6tter i Per Henrik Lings f\u00f6rs\u00f6k att med gymnastik och massage g\u00f6ra svenskarna till ett friskare och starkare folk.\u00a0<\/strong><\/p><p><strong>Pehr Henrik Ling,<\/strong> f\u00f6dd\u00a0<span style=\"color: #333399;\"><a style=\"color: #333399; background-image: none;\" title=\"15 november\" href=\"https:\/\/sv.wikipedia.org\/wiki\/15_november\">15 november<\/a>\u00a0<a style=\"color: #333399; background-image: none;\" title=\"1776\" href=\"https:\/\/sv.wikipedia.org\/wiki\/1776\">1776<\/a>\u00a0i\u00a0<a style=\"color: #333399; background-image: none;\" title=\"S\u00f6dra Ljunga\" href=\"https:\/\/sv.wikipedia.org\/wiki\/S%C3%B6dra_Ljunga\">S\u00f6dra Ljunga<\/a>,\u00a0<a style=\"color: #333399; background-image: none;\" title=\"Sm\u00e5land\" href=\"https:\/\/sv.wikipedia.org\/wiki\/Sm%C3%A5land\">Sm\u00e5land<\/a>,<\/span> d\u00f6d\u00a0<span style=\"color: #333399;\"><a style=\"color: #333399; background-image: none;\" title=\"3 maj\" href=\"https:\/\/sv.wikipedia.org\/wiki\/3_maj\">3 maj<\/a>\u00a0<a style=\"color: #333399; background-image: none;\" title=\"1839\" href=\"https:\/\/sv.wikipedia.org\/wiki\/1839\">1839<\/a>,<\/span> var en\u00a0<span style=\"color: #333399;\"><a style=\"color: #333399; background-image: none;\" title=\"Sverige\" href=\"https:\/\/sv.wikipedia.org\/wiki\/Sverige\">svensk<\/a>\u00a0<a style=\"color: #333399; background-image: none;\" title=\"Gymnastik\" href=\"https:\/\/sv.wikipedia.org\/wiki\/Gymnastik\">gymnastikpedagog<\/a>,\u00a0<a style=\"color: #333399; background-image: none;\" title=\"Poet\" href=\"https:\/\/sv.wikipedia.org\/wiki\/Poet\">skald<\/a><\/span>\u00a0och grundare av\u00a0<span style=\"color: #333399;\"><a style=\"color: #333399; background-image: none;\" title=\"Linggymnastik\" href=\"https:\/\/sv.wikipedia.org\/wiki\/Linggymnastik\">Linggymnastiken<\/a>.<\/span><\/p><p>Ling grundade och var f\u00f6rsta f\u00f6rest\u00e5ndare f\u00f6r <span style=\"color: #333399;\"><a style=\"color: #333399; background-image: none;\" title=\"Gymnastik- och idrottsh\u00f6gskolan\" href=\"https:\/\/sv.wikipedia.org\/wiki\/Gymnastik-_och_idrottsh%C3%B6gskolan\">Gymnastiska centralinstitutet<\/a>\u00a0<\/span>(GCI), idag\u00a0<a style=\"color: #795cb2; background-image: none;\" title=\"Gymnastik- och idrottsh\u00f6gskolan\" href=\"https:\/\/sv.wikipedia.org\/wiki\/Gymnastik-_och_idrottsh%C3%B6gskolan\">Gymnastik- och <span style=\"color: #333399;\">idrottsh\u00f6gskolan<\/span><\/a>\u00a0(GIH), och kallas \u00e4ven\u00a0<i>den svenska gymnastikens fader. <\/i>Han s\u00e5g ingen skarp gr\u00e4ns mellan gymnastik och massage &#8211; gymnastik var aktiv r\u00f6relse och massage var passiv r\u00f6relse.<\/p><p><strong>Senare forskning har funnit m\u00e5nga h\u00e4lsof\u00f6rdelar med massage. <i>\u00a0<\/i><br \/><strong>Massage f\u00f6r att minska stress och \u00f6ka v\u00e4lm\u00e5ende<\/strong><\/strong><\/p><p>Massage ses generellt som ett komplement till integrerad medicin. Det erbjuds allt mer som behandlingss\u00e4tt f\u00f6r en rad olika tillst\u00e5nd och situationer och \u00e4r utm\u00e4rkt f\u00f6r att minska stress, sm\u00e4rta och muskelsp\u00e4nningar.<\/p><ol style=\"margin: 0px 0px 15px 30px; padding: 0px; border: 0px; font-family: 'Open Sans', Arial, Tahoma, sans-serif; font-stretch: inherit; line-height: inherit; vertical-align: baseline; list-style-position: initial; list-style-image: initial; color: #122b52;\"><li style=\"margin: 0px 0px 10px; padding: 0px; border: 0px; font-family: inherit; font-size: inherit; font-style: inherit; font-variant-caps: inherit; font-stretch: inherit; line-height: inherit; vertical-align: baseline;\">Runt 30% av de som g\u00e5r p\u00e5 massage v\u00e4ljer massage f\u00f6r avslappning och stressreduktion.<\/li><li style=\"margin: 0px 0px 10px; padding: 0px; border: 0px; font-family: inherit; font-size: inherit; font-style: inherit; font-variant-caps: inherit; font-stretch: inherit; line-height: inherit; vertical-align: baseline;\">88% av de som g\u00e5r p\u00e5 massage \u00e4r eniga om att massage minskar sm\u00e4rta och medf\u00f6r positiva effekter.<\/li><li style=\"margin: 0px 0px 10px; padding: 0px; border: 0px; font-family: inherit; font-size: inherit; font-style: inherit; font-variant-caps: inherit; font-stretch: inherit; line-height: inherit; vertical-align: baseline;\">Massage \u00f6kar blodcirkulationen i musklerna och skapar ocks\u00e5 ett starkare immunf\u00f6rsvar.<\/li><li style=\"margin: 0px 0px 12px; padding: 0px; border: 0px; font-family: inherit; font-size: inherit; font-style: inherit; font-variant-caps: inherit; font-stretch: inherit; line-height: inherit; vertical-align: baseline;\">Massage kan h\u00f6ja ditt hum\u00f6r! Studier har visat att massage kan minska b\u00e5de \u00e5ngest och depression.<\/li><li style=\"margin: 0px 0px 10px; padding: 0px; border: 0px; font-family: inherit; font-size: inherit; font-style: inherit; font-variant-caps: inherit; font-stretch: inherit; line-height: inherit; vertical-align: baseline;\">Massage stimulerar lymffl\u00f6det.<\/li><li style=\"margin: 0px 0px 10px; padding: 0px; border: 0px; font-family: inherit; font-size: inherit; font-style: inherit; font-variant-caps: inherit; font-stretch: inherit; line-height: inherit; vertical-align: baseline;\">Massage kan avhj\u00e4lpa vid stark tr\u00e4ningsv\u00e4rk. Var dock f\u00f6rsiktig och massera inte f\u00f6r h\u00e5rt.<\/li><li style=\"margin: 0px 0px 10px; padding: 0px; border: 0px; font-family: inherit; font-size: inherit; font-style: inherit; font-variant-caps: inherit; font-stretch: inherit; line-height: inherit; vertical-align: baseline;\">En australiensk studie visade att stress hormonet kortisol minskade med 31% efter kort massage samtidigt som m\u00e5-bra-hormonerna dopamin och serotonin \u00f6kade med cirka 30%.<\/li><li style=\"margin: 0px 0px 10px; padding: 0px; border: 0px; font-family: inherit; font-size: inherit; font-style: inherit; font-variant-caps: inherit; font-stretch: inherit; line-height: inherit; vertical-align: baseline;\">Foam-rolling \u00e4r ett utm\u00e4rkt s\u00e4tt att utf\u00f6ra sj\u00e4lvmassage och komma \u00e5t i djupare muskulatur.<\/li><li style=\"margin: 0px 0px 10px; padding: 0px; border: 0px; font-family: inherit; font-size: inherit; font-style: inherit; font-variant-caps: inherit; font-stretch: inherit; line-height: inherit; vertical-align: baseline;\">Massagebollar eller golfbollar kan anv\u00e4ndas f\u00f6r att komma \u00e5t och bearbeta triggerpunkter t.ex. under foten.<\/li><li style=\"margin: 0px 0px 10px; padding: 0px; border: 0px; font-family: inherit; font-size: inherit; font-style: inherit; font-variant-caps: inherit; font-stretch: inherit; line-height: inherit; vertical-align: baseline;\">Kroppen anv\u00e4nder ofta sj\u00e4lvmassage vid sm\u00e4rta. Om du exempelvis sl\u00e5r dig p\u00e5 kn\u00e4t eller armb\u00e5gen s\u00e5 \u00e4r ofta den f\u00f6rsta reaktionen att smeka och klappa p\u00e5 omr\u00e5det.<\/li><li style=\"margin: 0px 0px 10px; padding: 0px; border: 0px; font-family: inherit; font-size: inherit; font-style: inherit; font-variant-caps: inherit; font-stretch: inherit; line-height: inherit; vertical-align: baseline;\">Massage kan hj\u00e4lpa till att minska irritation och f\u00f6rb\u00e4ttra utseendet p\u00e5 \u00e4rr.<\/li><li style=\"margin: 0px 0px 10px; padding: 0px; border: 0px; font-family: inherit; font-size: inherit; font-style: inherit; font-variant-caps: inherit; font-stretch: inherit; line-height: inherit; vertical-align: baseline;\">Massage har visat sig att effektivt behandla kronisk nedre ryggsm\u00e4rta.<\/li><li style=\"margin: 0px 0px 10px; padding: 0px; border: 0px; font-family: inherit; font-size: inherit; font-style: inherit; font-variant-caps: inherit; font-stretch: inherit; line-height: inherit; vertical-align: baseline;\">En viktig h\u00e4lsof\u00f6rdel med massage \u00e4r att massage minskar m\u00e4ngden stresshormoner och \u00f6kar m\u00e4ngden sm\u00e4rtbearbetande hormoner. Dessutom hj\u00e4lper trycket fr\u00e5n massage med att minska ledsm\u00e4rta.<\/li><li style=\"margin: 0px 0px 10px; padding: 0px; border: 0px; font-family: inherit; font-size: inherit; font-style: inherit; font-variant-caps: inherit; font-stretch: inherit; line-height: inherit; vertical-align: baseline;\">F\u00f6retag som erbjuder personalen massage rapporterar ekonomiska vinster genom \u00f6kad effektivitet och mindre sjukskrivningar.<\/li><\/ol><div><span style=\"color: #122b52; font-family: Open Sans, Arial, Tahoma, sans-serif;\"><span style=\"caret-color: #122b52;\">\u00a0<\/span><\/span><span style=\"font-size: 15px; caret-color: #122b52; color: #122b52;\">Energiversum erbjuder massage, halv- och helkropp, men \u00e4ven punktmassage i samband med andra behandlingar.\u00a0<\/span><\/div><p>Kontakt 076-577 7627<\/p>\t\t\t\t\t\t\t\t<\/div>\n\t\t\t\t<\/div>\n\t\t\t\t\t<\/div>\n\t\t<\/div>\n\t\t\t\t\t<\/div>\n\t\t<\/section>\n\t\t\t\t<\/div>\n\t\t","protected":false},"excerpt":{"rendered":"<p>Den klassiska svenska massagen har sina r\u00f6tter i Per Henrik Lings f\u00f6rs\u00f6k att med gymnastik och massage g\u00f6ra svenskarna till ett friskare och starkare folk.\u00a0 Pehr Henrik Ling, f\u00f6dd\u00a015 november\u00a01776\u00a0i\u00a0S\u00f6dra Ljunga,\u00a0Sm\u00e5land, d\u00f6d\u00a03 maj\u00a01839, var en\u00a0svensk\u00a0gymnastikpedagog,\u00a0skald\u00a0och grundare av\u00a0Linggymnastiken. Ling grundade och &hellip; <a href=\"https:\/\/www.energiversum.se\/?page_id=1877\">Forts\u00e4tt l\u00e4sa <span class=\"meta-nav\">&rarr;<\/span><\/a><\/p>\n","protected":false},"author":1,"featured_media":0,"parent":0,"menu_order":0,"comment_status":"closed","ping_status":"closed","template":"elementor_theme","meta":{"footnotes":""},"class_list":["post-1877","page","type-page","status-publish","hentry"],"yoast_head":"<!-- This site is optimized with the Yoast SEO plugin v24.6 - https:\/\/yoast.com\/wordpress\/plugins\/seo\/ -->\n<title>Klassisk svensk massage - ENERGIVERSUM<\/title>\n<meta name=\"robots\" content=\"index, follow, max-snippet:-1, max-image-preview:large, max-video-preview:-1\" \/>\n<link rel=\"canonical\" href=\"https:\/\/www.energiversum.se\/?page_id=1877\" \/>\n<meta property=\"og:locale\" content=\"sv_SE\" \/>\n<meta property=\"og:type\" content=\"article\" \/>\n<meta property=\"og:title\" content=\"Klassisk svensk massage - ENERGIVERSUM\" \/>\n<meta property=\"og:description\" content=\"Den klassiska svenska massagen har sina r\u00f6tter i Per Henrik Lings f\u00f6rs\u00f6k att med gymnastik och massage g\u00f6ra svenskarna till ett friskare och starkare folk.\u00a0 Pehr Henrik Ling, f\u00f6dd\u00a015 november\u00a01776\u00a0i\u00a0S\u00f6dra Ljunga,\u00a0Sm\u00e5land, d\u00f6d\u00a03 maj\u00a01839, var en\u00a0svensk\u00a0gymnastikpedagog,\u00a0skald\u00a0och grundare av\u00a0Linggymnastiken. Ling grundade och &hellip; Forts\u00e4tt l\u00e4sa &rarr;\" \/>\n<meta property=\"og:url\" content=\"https:\/\/www.energiversum.se\/?page_id=1877\" \/>\n<meta property=\"og:site_name\" content=\"ENERGIVERSUM\" \/>\n<meta property=\"article:publisher\" content=\"https:\/\/www.facebook.com\/hilding.eklund\" \/>\n<meta property=\"article:modified_time\" content=\"2025-03-13T10:23:36+00:00\" \/>\n<meta property=\"og:image\" content=\"https:\/\/www.energiversum.se\/wp-content\/uploads\/2023\/06\/Paradisetwebb20-4.jpg\" \/>\n\t<meta property=\"og:image:width\" content=\"1920\" \/>\n\t<meta property=\"og:image:height\" content=\"740\" \/>\n\t<meta property=\"og:image:type\" content=\"image\/jpeg\" \/>\n<meta name=\"twitter:card\" content=\"summary_large_image\" \/>\n<meta name=\"twitter:label1\" content=\"Ber\u00e4knad l\u00e4stid\" \/>\n\t<meta name=\"twitter:data1\" content=\"3 minuter\" \/>\n<script type=\"application\/ld+json\" class=\"yoast-schema-graph\">{\"@context\":\"https:\/\/schema.org\",\"@graph\":[{\"@type\":\"WebPage\",\"@id\":\"https:\/\/www.energiversum.se\/?page_id=1877\",\"url\":\"https:\/\/www.energiversum.se\/?page_id=1877\",\"name\":\"Klassisk svensk massage - ENERGIVERSUM\",\"isPartOf\":{\"@id\":\"https:\/\/www.energiversum.se\/#website\"},\"primaryImageOfPage\":{\"@id\":\"https:\/\/www.energiversum.se\/?page_id=1877#primaryimage\"},\"image\":{\"@id\":\"https:\/\/www.energiversum.se\/?page_id=1877#primaryimage\"},\"thumbnailUrl\":\"https:\/\/www.energiversum.se\/wp-content\/uploads\/2023\/06\/Paradisetwebb20-4-1024x395.jpg\",\"datePublished\":\"2025-03-12T14:28:47+00:00\",\"dateModified\":\"2025-03-13T10:23:36+00:00\",\"breadcrumb\":{\"@id\":\"https:\/\/www.energiversum.se\/?page_id=1877#breadcrumb\"},\"inLanguage\":\"sv-SE\",\"potentialAction\":[{\"@type\":\"ReadAction\",\"target\":[\"https:\/\/www.energiversum.se\/?page_id=1877\"]}]},{\"@type\":\"ImageObject\",\"inLanguage\":\"sv-SE\",\"@id\":\"https:\/\/www.energiversum.se\/?page_id=1877#primaryimage\",\"url\":\"https:\/\/www.energiversum.se\/wp-content\/uploads\/2023\/06\/Paradisetwebb20-4.jpg\",\"contentUrl\":\"https:\/\/www.energiversum.se\/wp-content\/uploads\/2023\/06\/Paradisetwebb20-4.jpg\",\"width\":1920,\"height\":740},{\"@type\":\"BreadcrumbList\",\"@id\":\"https:\/\/www.energiversum.se\/?page_id=1877#breadcrumb\",\"itemListElement\":[{\"@type\":\"ListItem\",\"position\":1,\"name\":\"Hem\",\"item\":\"https:\/\/www.energiversum.se\/\"},{\"@type\":\"ListItem\",\"position\":2,\"name\":\"Klassisk svensk massage\"}]},{\"@type\":\"WebSite\",\"@id\":\"https:\/\/www.energiversum.se\/#website\",\"url\":\"https:\/\/www.energiversum.se\/\",\"name\":\"energiversum\",\"description\":\"ett litet f\u00f6retag med o\u00e4ndliga m\u00e5l\",\"publisher\":{\"@id\":\"https:\/\/www.energiversum.se\/#organization\"},\"potentialAction\":[{\"@type\":\"SearchAction\",\"target\":{\"@type\":\"EntryPoint\",\"urlTemplate\":\"https:\/\/www.energiversum.se\/?s={search_term_string}\"},\"query-input\":{\"@type\":\"PropertyValueSpecification\",\"valueRequired\":true,\"valueName\":\"search_term_string\"}}],\"inLanguage\":\"sv-SE\"},{\"@type\":\"Organization\",\"@id\":\"https:\/\/www.energiversum.se\/#organization\",\"name\":\"energiversum\",\"url\":\"https:\/\/www.energiversum.se\/\",\"logo\":{\"@type\":\"ImageObject\",\"inLanguage\":\"sv-SE\",\"@id\":\"https:\/\/www.energiversum.se\/#\/schema\/logo\/image\/\",\"url\":\"https:\/\/www.energiversum.se\/wp-content\/uploads\/2023\/06\/4a28fd_d7c9fcefb24f4f8d8ad74aa78ce9caf3_mv1-2.webp\",\"contentUrl\":\"https:\/\/www.energiversum.se\/wp-content\/uploads\/2023\/06\/4a28fd_d7c9fcefb24f4f8d8ad74aa78ce9caf3_mv1-2.webp\",\"width\":222,\"height\":223,\"caption\":\"energiversum\"},\"image\":{\"@id\":\"https:\/\/www.energiversum.se\/#\/schema\/logo\/image\/\"},\"sameAs\":[\"https:\/\/www.facebook.com\/hilding.eklund\"]}]}<\/script>\n<!-- \/ Yoast SEO plugin. -->","yoast_head_json":{"title":"Klassisk svensk massage - ENERGIVERSUM","robots":{"index":"index","follow":"follow","max-snippet":"max-snippet:-1","max-image-preview":"max-image-preview:large","max-video-preview":"max-video-preview:-1"},"canonical":"https:\/\/www.energiversum.se\/?page_id=1877","og_locale":"sv_SE","og_type":"article","og_title":"Klassisk svensk massage - ENERGIVERSUM","og_description":"Den klassiska svenska massagen har sina r\u00f6tter i Per Henrik Lings f\u00f6rs\u00f6k att med gymnastik och massage g\u00f6ra svenskarna till ett friskare och starkare folk.\u00a0 Pehr Henrik Ling, f\u00f6dd\u00a015 november\u00a01776\u00a0i\u00a0S\u00f6dra Ljunga,\u00a0Sm\u00e5land, d\u00f6d\u00a03 maj\u00a01839, var en\u00a0svensk\u00a0gymnastikpedagog,\u00a0skald\u00a0och grundare av\u00a0Linggymnastiken. Ling grundade och &hellip; Forts\u00e4tt l\u00e4sa &rarr;","og_url":"https:\/\/www.energiversum.se\/?page_id=1877","og_site_name":"ENERGIVERSUM","article_publisher":"https:\/\/www.facebook.com\/hilding.eklund","article_modified_time":"2025-03-13T10:23:36+00:00","og_image":[{"width":1920,"height":740,"url":"https:\/\/www.energiversum.se\/wp-content\/uploads\/2023\/06\/Paradisetwebb20-4.jpg","type":"image\/jpeg"}],"twitter_card":"summary_large_image","twitter_misc":{"Ber\u00e4knad l\u00e4stid":"3 minuter"},"schema":{"@context":"https:\/\/schema.org","@graph":[{"@type":"WebPage","@id":"https:\/\/www.energiversum.se\/?page_id=1877","url":"https:\/\/www.energiversum.se\/?page_id=1877","name":"Klassisk svensk massage - ENERGIVERSUM","isPartOf":{"@id":"https:\/\/www.energiversum.se\/#website"},"primaryImageOfPage":{"@id":"https:\/\/www.energiversum.se\/?page_id=1877#primaryimage"},"image":{"@id":"https:\/\/www.energiversum.se\/?page_id=1877#primaryimage"},"thumbnailUrl":"https:\/\/www.energiversum.se\/wp-content\/uploads\/2023\/06\/Paradisetwebb20-4-1024x395.jpg","datePublished":"2025-03-12T14:28:47+00:00","dateModified":"2025-03-13T10:23:36+00:00","breadcrumb":{"@id":"https:\/\/www.energiversum.se\/?page_id=1877#breadcrumb"},"inLanguage":"sv-SE","potentialAction":[{"@type":"ReadAction","target":["https:\/\/www.energiversum.se\/?page_id=1877"]}]},{"@type":"ImageObject","inLanguage":"sv-SE","@id":"https:\/\/www.energiversum.se\/?page_id=1877#primaryimage","url":"https:\/\/www.energiversum.se\/wp-content\/uploads\/2023\/06\/Paradisetwebb20-4.jpg","contentUrl":"https:\/\/www.energiversum.se\/wp-content\/uploads\/2023\/06\/Paradisetwebb20-4.jpg","width":1920,"height":740},{"@type":"BreadcrumbList","@id":"https:\/\/www.energiversum.se\/?page_id=1877#breadcrumb","itemListElement":[{"@type":"ListItem","position":1,"name":"Hem","item":"https:\/\/www.energiversum.se\/"},{"@type":"ListItem","position":2,"name":"Klassisk svensk massage"}]},{"@type":"WebSite","@id":"https:\/\/www.energiversum.se\/#website","url":"https:\/\/www.energiversum.se\/","name":"energiversum","description":"ett litet f\u00f6retag med o\u00e4ndliga m\u00e5l","publisher":{"@id":"https:\/\/www.energiversum.se\/#organization"},"potentialAction":[{"@type":"SearchAction","target":{"@type":"EntryPoint","urlTemplate":"https:\/\/www.energiversum.se\/?s={search_term_string}"},"query-input":{"@type":"PropertyValueSpecification","valueRequired":true,"valueName":"search_term_string"}}],"inLanguage":"sv-SE"},{"@type":"Organization","@id":"https:\/\/www.energiversum.se\/#organization","name":"energiversum","url":"https:\/\/www.energiversum.se\/","logo":{"@type":"ImageObject","inLanguage":"sv-SE","@id":"https:\/\/www.energiversum.se\/#\/schema\/logo\/image\/","url":"https:\/\/www.energiversum.se\/wp-content\/uploads\/2023\/06\/4a28fd_d7c9fcefb24f4f8d8ad74aa78ce9caf3_mv1-2.webp","contentUrl":"https:\/\/www.energiversum.se\/wp-content\/uploads\/2023\/06\/4a28fd_d7c9fcefb24f4f8d8ad74aa78ce9caf3_mv1-2.webp","width":222,"height":223,"caption":"energiversum"},"image":{"@id":"https:\/\/www.energiversum.se\/#\/schema\/logo\/image\/"},"sameAs":["https:\/\/www.facebook.com\/hilding.eklund"]}]}},"_links":{"self":[{"href":"https:\/\/www.energiversum.se\/index.php?rest_route=\/wp\/v2\/pages\/1877","targetHints":{"allow":["GET"]}}],"collection":[{"href":"https:\/\/www.energiversum.se\/index.php?rest_route=\/wp\/v2\/pages"}],"about":[{"href":"https:\/\/www.energiversum.se\/index.php?rest_route=\/wp\/v2\/types\/page"}],"author":[{"embeddable":true,"href":"https:\/\/www.energiversum.se\/index.php?rest_route=\/wp\/v2\/users\/1"}],"replies":[{"embeddable":true,"href":"https:\/\/www.energiversum.se\/index.php?rest_route=%2Fwp%2Fv2%2Fcomments&post=1877"}],"version-history":[{"count":30,"href":"https:\/\/www.energiversum.se\/index.php?rest_route=\/wp\/v2\/pages\/1877\/revisions"}],"predecessor-version":[{"id":3188,"href":"https:\/\/www.energiversum.se\/index.php?rest_route=\/wp\/v2\/pages\/1877\/revisions\/3188"}],"wp:attachment":[{"href":"https:\/\/www.energiversum.se\/index.php?rest_route=%2Fwp%2Fv2%2Fmedia&parent=1877"}],"curies":[{"name":"wp","href":"https:\/\/api.w.org\/{rel}","templated":true}]}}