{"id":1827,"date":"2025-03-04T15:23:40","date_gmt":"2025-03-04T14:23:40","guid":{"rendered":"https:\/\/www.energiversum.se\/?page_id=1827"},"modified":"2025-03-12T18:51:59","modified_gmt":"2025-03-12T17:51:59","slug":"analys-behandling","status":"publish","type":"page","link":"https:\/\/www.energiversum.se\/?page_id=1827","title":{"rendered":"Analys &#038; behandling"},"content":{"rendered":"\t\t<div data-elementor-type=\"wp-page\" data-elementor-id=\"1827\" class=\"elementor elementor-1827\">\n\t\t\t\t\t\t<section class=\"elementor-section elementor-top-section elementor-element elementor-element-8f9c82f elementor-section-boxed elementor-section-height-default elementor-section-height-default\" data-id=\"8f9c82f\" data-element_type=\"section\">\n\t\t\t\t\t\t<div class=\"elementor-container elementor-column-gap-default\">\n\t\t\t\t\t<div class=\"elementor-column elementor-col-100 elementor-top-column elementor-element elementor-element-6aaa693\" data-id=\"6aaa693\" data-element_type=\"column\">\n\t\t\t<div class=\"elementor-widget-wrap elementor-element-populated\">\n\t\t\t\t\t\t<div class=\"elementor-element elementor-element-75e8d9f elementor-widget__width-initial elementor-widget elementor-widget-text-editor\" data-id=\"75e8d9f\" data-element_type=\"widget\" data-widget_type=\"text-editor.default\">\n\t\t\t\t<div class=\"elementor-widget-container\">\n\t\t\t\t\t\t\t\t\t<p><span style=\"color: #808080;\">F\u00f6re varje behandling g\u00f6rs en kortare eller l\u00e4ngre analys och diskussion om aktuellt h\u00e4lsol\u00e4ge. Information om tidigare k\u00e4nda sjukdomar, l\u00e4kardiagnoser och patientens egen beskrivning av aktuella symptom g\u00f6rs samt en diskussion om vad man vill \u00e5stadkomma med behandlingen och en \u00f6verenskommelse av vilka behandlingsmetoder som skall anv\u00e4ndas g\u00f6rs.\u00a0<i><\/i><\/span><\/p><p>De behandlingsmetoder som presenteras nedan ger normalt inga negativa biverkningar. Ibland kan kroppen, d\u00e5 den f\u00e5tt mer energi, starta utrensning som under en kortare tid kan visa sig som uts\u00f6ndring i urin och avf\u00f6ring, rinnande n\u00e4sa, finnar och bl\u00e5sor p\u00e5 hud.<\/p><p>Energiversum anv\u00e4nder flera metoder om diagnosen inte \u00e4r sj\u00e4lvklar eller symptomen diffus, t.ex. tr\u00f6tthet.<\/p><p><span style=\"font-weight: bold;\">Bioresonans enlig Paul Schmidt<\/span>\u00a0med frekvensmaskinen Rayonex 10. Med denna metod kan en l\u00e5ng rad av obalanser i kroppen sp\u00e5ras. Kroppsdelar som uppvisar obalanser kan sen \u00e4ven behandlas med samma frekvens som fick disharmoni n\u00e4r den riktades mot kroppsdelen. Om analysen visar obalans p\u00e5 vitaminer och mineraler kan dessa testas direkt och info och rekommendationer ges.<\/p><p><span style=\"font-weight: bold;\">Biomagnetism enligt Dr. Goetz.<\/span>\u00a0H\u00e4r anv\u00e4nds en, tv\u00e5 eller flera magneter i olika k\u00e4nda magnetkonstellationer f\u00f6r att f\u00f6rb\u00e4ttra PH-v\u00e4rdet lokalt, bek\u00e4mpa mikroorganismer, lindra v\u00e4rk och \u00f6ka cirkulation.<\/p><p><span style=\"font-weight: bold;\">Svensk klassisk massage<\/span>\u00a0erbjuder flera tester och analyser innan behandling av muskulatur och bindv\u00e4v g\u00f6rs. Energiversum kompletterar \u00e4ven ibland med en frekvensmaskin som heter\u00a0<i><span style=\"font-weight: bold;\">IteraCare<\/span><\/i>\u00a0som ger b\u00e5de v\u00e4rme och djupg\u00e5ende frekvenser som hj\u00e4lper vid stela muskler och leder.<\/p><h1><span style=\"color: #333399;\"><strong>Energiversum anv\u00e4nder vid behov tv\u00e5 madrasser<\/strong><\/span><\/h1><p><span style=\"font-weight: bold;\">\u00a0 QRS<\/span>\u00a0\u2013 en behandling som ger syres\u00e4ttning. 8 min ber\u00e4knas ge syres\u00e4ttning motsvarande 15 km promenad. \u00d6kad syres\u00e4ttning i vilande l\u00e4ge \u00e4r st\u00f6d f\u00f6r i stort sett alla obalanser i kroppen.<\/p><p><span style=\"font-weight: bold;\">\u00a0 En \u201dfar infrared\u201d madrass<\/span>\u00a0som ger mer djupg\u00e5ende verkan \u00e4n normal v\u00e4rmestr\u00e5lning.<\/p><p><span style=\"color: #333399;\"><b>F\u00f6rdelar med djupg\u00e5ende v\u00e4rme<\/b><\/span><\/p><ul style=\"border: 0px solid #e5e7eb; --tw-border-spacing-x: 0; --tw-border-spacing-y: 0; --tw-translate-x: 0; --tw-translate-y: 0; --tw-rotate: 0; --tw-skew-x: 0; --tw-skew-y: 0; --tw-scale-x: 1; --tw-scale-y: 1; --tw-scroll-snap-strictness: proximity; --tw-ring-offset-width: 0px; --tw-ring-offset-color: #fff; --tw-ring-color: rgba(59,130,246,0.5); --tw-ring-offset-shadow: 0 0 #0000; --tw-ring-shadow: 0 0 #0000; --tw-shadow: 0 0 #0000; --tw-shadow-colored: 0 0 #0000; list-style-type: none; margin-top: 0px; margin-bottom: 0px; margin-left: 0px; padding-left: 0px; caret-color: #212121; color: #212121; font-family: libre-franklin, sans-serif; text-align: left;\"><li style=\"border: 0px solid #e5e7eb; --tw-border-spacing-x: 0; --tw-border-spacing-y: 0; --tw-translate-x: 0; --tw-translate-y: 0; --tw-rotate: 0; --tw-skew-x: 0; --tw-skew-y: 0; --tw-scale-x: 1; --tw-scale-y: 1; --tw-scroll-snap-strictness: proximity; --tw-ring-offset-width: 0px; --tw-ring-offset-color: #fff; --tw-ring-color: rgba(59,130,246,0.5); --tw-ring-offset-shadow: 0 0 #0000; --tw-ring-shadow: 0 0 #0000; --tw-shadow: 0 0 #0000; --tw-shadow-colored: 0 0 #0000; background-image: url('https:\/\/www.hagabadet.se\/wp-content\/themes\/hagabadet\/assets\/icons\/check-bullet-list.svg'); list-style-type: none; margin-bottom: 0.5rem; padding-left: 2.5rem; background-position: 0px 0px; background-repeat: no-repeat no-repeat;\">\u00d6kar blodcirkulationen<\/li><li style=\"border: 0px solid #e5e7eb; --tw-border-spacing-x: 0; --tw-border-spacing-y: 0; --tw-translate-x: 0; --tw-translate-y: 0; --tw-rotate: 0; --tw-skew-x: 0; --tw-skew-y: 0; --tw-scale-x: 1; --tw-scale-y: 1; --tw-scroll-snap-strictness: proximity; --tw-ring-offset-width: 0px; --tw-ring-offset-color: #fff; --tw-ring-color: rgba(59,130,246,0.5); --tw-ring-offset-shadow: 0 0 #0000; --tw-ring-shadow: 0 0 #0000; --tw-shadow: 0 0 #0000; --tw-shadow-colored: 0 0 #0000; background-image: url('https:\/\/www.hagabadet.se\/wp-content\/themes\/hagabadet\/assets\/icons\/check-bullet-list.svg'); list-style-type: none; margin-bottom: 0.5rem; padding-left: 2.5rem; background-position: 0px 0px; background-repeat: no-repeat no-repeat;\">F\u00f6rb\u00e4ttrar immunsystemet<\/li><li style=\"border: 0px solid #e5e7eb; --tw-border-spacing-x: 0; --tw-border-spacing-y: 0; --tw-translate-x: 0; --tw-translate-y: 0; --tw-rotate: 0; --tw-skew-x: 0; --tw-skew-y: 0; --tw-scale-x: 1; --tw-scale-y: 1; --tw-scroll-snap-strictness: proximity; --tw-ring-offset-width: 0px; --tw-ring-offset-color: #fff; --tw-ring-color: rgba(59,130,246,0.5); --tw-ring-offset-shadow: 0 0 #0000; --tw-ring-shadow: 0 0 #0000; --tw-shadow: 0 0 #0000; --tw-shadow-colored: 0 0 #0000; background-image: url('https:\/\/www.hagabadet.se\/wp-content\/themes\/hagabadet\/assets\/icons\/check-bullet-list.svg'); list-style-type: none; margin-bottom: 0.5rem; padding-left: 2.5rem; background-position: 0px 0px; background-repeat: no-repeat no-repeat;\">Avgiftar kroppen (detox)<\/li><li style=\"border: 0px solid #e5e7eb; --tw-border-spacing-x: 0; --tw-border-spacing-y: 0; --tw-translate-x: 0; --tw-translate-y: 0; --tw-rotate: 0; --tw-skew-x: 0; --tw-skew-y: 0; --tw-scale-x: 1; --tw-scale-y: 1; --tw-scroll-snap-strictness: proximity; --tw-ring-offset-width: 0px; --tw-ring-offset-color: #fff; --tw-ring-color: rgba(59,130,246,0.5); --tw-ring-offset-shadow: 0 0 #0000; --tw-ring-shadow: 0 0 #0000; --tw-shadow: 0 0 #0000; --tw-shadow-colored: 0 0 #0000; background-image: url('https:\/\/www.hagabadet.se\/wp-content\/themes\/hagabadet\/assets\/icons\/check-bullet-list.svg'); list-style-type: none; margin-bottom: 0.5rem; padding-left: 2.5rem; background-position: 0px 0px; background-repeat: no-repeat no-repeat;\">Stimulerar metabolismen<\/li><li style=\"border: 0px solid #e5e7eb; --tw-border-spacing-x: 0; --tw-border-spacing-y: 0; --tw-translate-x: 0; --tw-translate-y: 0; --tw-rotate: 0; --tw-skew-x: 0; --tw-skew-y: 0; --tw-scale-x: 1; --tw-scale-y: 1; --tw-scroll-snap-strictness: proximity; --tw-ring-offset-width: 0px; --tw-ring-offset-color: #fff; --tw-ring-color: rgba(59,130,246,0.5); --tw-ring-offset-shadow: 0 0 #0000; --tw-ring-shadow: 0 0 #0000; --tw-shadow: 0 0 #0000; --tw-shadow-colored: 0 0 #0000; background-image: url('https:\/\/www.hagabadet.se\/wp-content\/themes\/hagabadet\/assets\/icons\/check-bullet-list.svg'); list-style-type: none; margin-bottom: 0.5rem; padding-left: 2.5rem; background-position: 0px 0px; background-repeat: no-repeat no-repeat;\">Minskar stress<\/li><li style=\"border: 0px solid #e5e7eb; --tw-border-spacing-x: 0; --tw-border-spacing-y: 0; --tw-translate-x: 0; --tw-translate-y: 0; --tw-rotate: 0; --tw-skew-x: 0; --tw-skew-y: 0; --tw-scale-x: 1; --tw-scale-y: 1; --tw-scroll-snap-strictness: proximity; --tw-ring-offset-width: 0px; --tw-ring-offset-color: #fff; --tw-ring-color: rgba(59,130,246,0.5); --tw-ring-offset-shadow: 0 0 #0000; --tw-ring-shadow: 0 0 #0000; --tw-shadow: 0 0 #0000; --tw-shadow-colored: 0 0 #0000; background-image: url('https:\/\/www.hagabadet.se\/wp-content\/themes\/hagabadet\/assets\/icons\/check-bullet-list.svg'); list-style-type: none; margin-bottom: 0.5rem; padding-left: 2.5rem; background-position: 0px 0px; background-repeat: no-repeat no-repeat;\">P\u00e5skyndar l\u00e4kning efter skador<\/li><li style=\"border: 0px solid #e5e7eb; --tw-border-spacing-x: 0; --tw-border-spacing-y: 0; --tw-translate-x: 0; --tw-translate-y: 0; --tw-rotate: 0; --tw-skew-x: 0; --tw-skew-y: 0; --tw-scale-x: 1; --tw-scale-y: 1; --tw-scroll-snap-strictness: proximity; --tw-ring-offset-width: 0px; --tw-ring-offset-color: #fff; --tw-ring-color: rgba(59,130,246,0.5); --tw-ring-offset-shadow: 0 0 #0000; --tw-ring-shadow: 0 0 #0000; --tw-shadow: 0 0 #0000; --tw-shadow-colored: 0 0 #0000; background-image: url('https:\/\/www.hagabadet.se\/wp-content\/themes\/hagabadet\/assets\/icons\/check-bullet-list.svg'); list-style-type: none; margin-bottom: 0.5rem; padding-left: 2.5rem; background-position: 0px 0px; background-repeat: no-repeat no-repeat;\">Lindrar sm\u00e4rta och inflammation<\/li><li style=\"border: 0px solid #e5e7eb; --tw-border-spacing-x: 0; --tw-border-spacing-y: 0; --tw-translate-x: 0; --tw-translate-y: 0; --tw-rotate: 0; --tw-skew-x: 0; --tw-skew-y: 0; --tw-scale-x: 1; --tw-scale-y: 1; --tw-scroll-snap-strictness: proximity; --tw-ring-offset-width: 0px; --tw-ring-offset-color: #fff; --tw-ring-color: rgba(59,130,246,0.5); --tw-ring-offset-shadow: 0 0 #0000; --tw-ring-shadow: 0 0 #0000; --tw-shadow: 0 0 #0000; --tw-shadow-colored: 0 0 #0000; background-image: url('https:\/\/www.hagabadet.se\/wp-content\/themes\/hagabadet\/assets\/icons\/check-bullet-list.svg'); list-style-type: none; margin-bottom: 0.5rem; padding-left: 2.5rem; background-position: 0px 0px; background-repeat: no-repeat no-repeat;\">Stimulerar lymfsystemet<\/li><li style=\"border: 0px solid #e5e7eb; --tw-border-spacing-x: 0; --tw-border-spacing-y: 0; --tw-translate-x: 0; --tw-translate-y: 0; --tw-rotate: 0; --tw-skew-x: 0; --tw-skew-y: 0; --tw-scale-x: 1; --tw-scale-y: 1; --tw-scroll-snap-strictness: proximity; --tw-ring-offset-width: 0px; --tw-ring-offset-color: #fff; --tw-ring-color: rgba(59,130,246,0.5); --tw-ring-offset-shadow: 0 0 #0000; --tw-ring-shadow: 0 0 #0000; --tw-shadow: 0 0 #0000; --tw-shadow-colored: 0 0 #0000; background-image: url('https:\/\/www.hagabadet.se\/wp-content\/themes\/hagabadet\/assets\/icons\/check-bullet-list.svg'); list-style-type: none; margin-bottom: 0.5rem; padding-left: 2.5rem; background-position: 0px 0px; background-repeat: no-repeat no-repeat;\">\u00d6kar kollagenproduktionen<\/li><\/ul><h4>\u00a0<\/h4><h2><span style=\"color: #333399;\">Sj\u00e4lvbehandling med Energiversums hj\u00e4lpmedel.<\/span><\/h2><p>N\u00e4r analys \u00e4r gjord kan klienter, efter en kort introduktion, behandla sig sj\u00e4lv p\u00e5 terapimadrasserna.<\/p><p>Ett behandlingskort till Rayonexmaskinen g\u00f6r att en behandling med m\u00e5nga frekvenser kan startas p\u00e5 n\u00e5gon minut och g\u00e5 automatisk i timmar.<\/p><p><strong>IteraCare<\/strong> maskinen \u00e4r hanterbar s\u00e5 att 80% av kroppen kan sj\u00e4lvbehandlas.<\/p><p><strong>V\u00e4rmemadrassen<\/strong> kan l\u00e4ggas eller viras runt \u00f6ver hela kroppen.<\/p><p>D\u00e5 terapeuten bara beh\u00f6ver starta upp sj\u00e4lvbehandling kan effektiv behandling erbjudas till <b>mindre \u00e4n<\/b> <b>h\u00e4lften<\/b> av timtaxan<\/p>\t\t\t\t\t\t\t\t<\/div>\n\t\t\t\t<\/div>\n\t\t\t\t<div class=\"elementor-element elementor-element-cc4b897 elementor-widget elementor-widget-text-editor\" data-id=\"cc4b897\" data-element_type=\"widget\" data-widget_type=\"text-editor.default\">\n\t\t\t\t<div class=\"elementor-widget-container\">\n\t\t\t\t\t\t\t\t\t<p>Hembes\u00f6k och utl\u00e5ning av maskiner kan diskuteras.<\/p>\t\t\t\t\t\t\t\t<\/div>\n\t\t\t\t<\/div>\n\t\t\t\t\t<\/div>\n\t\t<\/div>\n\t\t\t\t\t<\/div>\n\t\t<\/section>\n\t\t\t\t<\/div>\n\t\t","protected":false},"excerpt":{"rendered":"<p>F\u00f6re varje behandling g\u00f6rs en kortare eller l\u00e4ngre analys och diskussion om aktuellt h\u00e4lsol\u00e4ge. Information om tidigare k\u00e4nda sjukdomar, l\u00e4kardiagnoser och patientens egen beskrivning av aktuella symptom g\u00f6rs samt en diskussion om vad man vill \u00e5stadkomma med behandlingen och en &hellip; <a href=\"https:\/\/www.energiversum.se\/?page_id=1827\">Forts\u00e4tt l\u00e4sa <span class=\"meta-nav\">&rarr;<\/span><\/a><\/p>\n","protected":false},"author":1,"featured_media":0,"parent":0,"menu_order":0,"comment_status":"closed","ping_status":"closed","template":"elementor_theme","meta":{"footnotes":""},"class_list":["post-1827","page","type-page","status-publish","hentry"],"yoast_head":"<!-- This site is optimized with the Yoast SEO plugin v24.6 - https:\/\/yoast.com\/wordpress\/plugins\/seo\/ -->\n<title>Analys &amp; behandling - ENERGIVERSUM<\/title>\n<meta name=\"description\" content=\"Frekvens och bioresonans. F\u00f6re varje behandling g\u00f6rs en kortare eller l\u00e4ngre analys och diskussion om aktuellt h\u00e4lsol\u00e4ge. Information om tidigare k\u00e4nda sjukdomar, l\u00e4kardiagnoser och patientens egen beskrivning av aktuella symptom\" \/>\n<meta name=\"robots\" content=\"index, follow, max-snippet:-1, max-image-preview:large, max-video-preview:-1\" \/>\n<link rel=\"canonical\" href=\"https:\/\/www.energiversum.se\/?page_id=1827\" \/>\n<meta property=\"og:locale\" content=\"sv_SE\" \/>\n<meta property=\"og:type\" content=\"article\" \/>\n<meta property=\"og:title\" content=\"Analys &amp; behandling - ENERGIVERSUM\" \/>\n<meta property=\"og:description\" content=\"Frekvens och bioresonans. F\u00f6re varje behandling g\u00f6rs en kortare eller l\u00e4ngre analys och diskussion om aktuellt h\u00e4lsol\u00e4ge. Information om tidigare k\u00e4nda sjukdomar, l\u00e4kardiagnoser och patientens egen beskrivning av aktuella symptom\" \/>\n<meta property=\"og:url\" content=\"https:\/\/www.energiversum.se\/?page_id=1827\" \/>\n<meta property=\"og:site_name\" content=\"ENERGIVERSUM\" \/>\n<meta property=\"article:publisher\" content=\"https:\/\/www.facebook.com\/hilding.eklund\" \/>\n<meta property=\"article:modified_time\" content=\"2025-03-12T17:51:59+00:00\" \/>\n<meta name=\"twitter:card\" content=\"summary_large_image\" \/>\n<meta name=\"twitter:label1\" content=\"Ber\u00e4knad l\u00e4stid\" \/>\n\t<meta name=\"twitter:data1\" content=\"2 minuter\" \/>\n<script type=\"application\/ld+json\" class=\"yoast-schema-graph\">{\"@context\":\"https:\/\/schema.org\",\"@graph\":[{\"@type\":\"WebPage\",\"@id\":\"https:\/\/www.energiversum.se\/?page_id=1827\",\"url\":\"https:\/\/www.energiversum.se\/?page_id=1827\",\"name\":\"Analys & behandling - ENERGIVERSUM\",\"isPartOf\":{\"@id\":\"https:\/\/www.energiversum.se\/#website\"},\"datePublished\":\"2025-03-04T14:23:40+00:00\",\"dateModified\":\"2025-03-12T17:51:59+00:00\",\"description\":\"Frekvens och bioresonans. F\u00f6re varje behandling g\u00f6rs en kortare eller l\u00e4ngre analys och diskussion om aktuellt h\u00e4lsol\u00e4ge. Information om tidigare k\u00e4nda sjukdomar, l\u00e4kardiagnoser och patientens egen beskrivning av aktuella symptom\",\"breadcrumb\":{\"@id\":\"https:\/\/www.energiversum.se\/?page_id=1827#breadcrumb\"},\"inLanguage\":\"sv-SE\",\"potentialAction\":[{\"@type\":\"ReadAction\",\"target\":[\"https:\/\/www.energiversum.se\/?page_id=1827\"]}]},{\"@type\":\"BreadcrumbList\",\"@id\":\"https:\/\/www.energiversum.se\/?page_id=1827#breadcrumb\",\"itemListElement\":[{\"@type\":\"ListItem\",\"position\":1,\"name\":\"Hem\",\"item\":\"https:\/\/www.energiversum.se\/\"},{\"@type\":\"ListItem\",\"position\":2,\"name\":\"Analys &#038; behandling\"}]},{\"@type\":\"WebSite\",\"@id\":\"https:\/\/www.energiversum.se\/#website\",\"url\":\"https:\/\/www.energiversum.se\/\",\"name\":\"energiversum\",\"description\":\"ett litet f\u00f6retag med o\u00e4ndliga m\u00e5l\",\"publisher\":{\"@id\":\"https:\/\/www.energiversum.se\/#organization\"},\"potentialAction\":[{\"@type\":\"SearchAction\",\"target\":{\"@type\":\"EntryPoint\",\"urlTemplate\":\"https:\/\/www.energiversum.se\/?s={search_term_string}\"},\"query-input\":{\"@type\":\"PropertyValueSpecification\",\"valueRequired\":true,\"valueName\":\"search_term_string\"}}],\"inLanguage\":\"sv-SE\"},{\"@type\":\"Organization\",\"@id\":\"https:\/\/www.energiversum.se\/#organization\",\"name\":\"energiversum\",\"url\":\"https:\/\/www.energiversum.se\/\",\"logo\":{\"@type\":\"ImageObject\",\"inLanguage\":\"sv-SE\",\"@id\":\"https:\/\/www.energiversum.se\/#\/schema\/logo\/image\/\",\"url\":\"https:\/\/www.energiversum.se\/wp-content\/uploads\/2023\/06\/4a28fd_d7c9fcefb24f4f8d8ad74aa78ce9caf3_mv1-2.webp\",\"contentUrl\":\"https:\/\/www.energiversum.se\/wp-content\/uploads\/2023\/06\/4a28fd_d7c9fcefb24f4f8d8ad74aa78ce9caf3_mv1-2.webp\",\"width\":222,\"height\":223,\"caption\":\"energiversum\"},\"image\":{\"@id\":\"https:\/\/www.energiversum.se\/#\/schema\/logo\/image\/\"},\"sameAs\":[\"https:\/\/www.facebook.com\/hilding.eklund\"]}]}<\/script>\n<!-- \/ Yoast SEO plugin. -->","yoast_head_json":{"title":"Analys & behandling - ENERGIVERSUM","description":"Frekvens och bioresonans. F\u00f6re varje behandling g\u00f6rs en kortare eller l\u00e4ngre analys och diskussion om aktuellt h\u00e4lsol\u00e4ge. Information om tidigare k\u00e4nda sjukdomar, l\u00e4kardiagnoser och patientens egen beskrivning av aktuella symptom","robots":{"index":"index","follow":"follow","max-snippet":"max-snippet:-1","max-image-preview":"max-image-preview:large","max-video-preview":"max-video-preview:-1"},"canonical":"https:\/\/www.energiversum.se\/?page_id=1827","og_locale":"sv_SE","og_type":"article","og_title":"Analys & behandling - ENERGIVERSUM","og_description":"Frekvens och bioresonans. F\u00f6re varje behandling g\u00f6rs en kortare eller l\u00e4ngre analys och diskussion om aktuellt h\u00e4lsol\u00e4ge. Information om tidigare k\u00e4nda sjukdomar, l\u00e4kardiagnoser och patientens egen beskrivning av aktuella symptom","og_url":"https:\/\/www.energiversum.se\/?page_id=1827","og_site_name":"ENERGIVERSUM","article_publisher":"https:\/\/www.facebook.com\/hilding.eklund","article_modified_time":"2025-03-12T17:51:59+00:00","twitter_card":"summary_large_image","twitter_misc":{"Ber\u00e4knad l\u00e4stid":"2 minuter"},"schema":{"@context":"https:\/\/schema.org","@graph":[{"@type":"WebPage","@id":"https:\/\/www.energiversum.se\/?page_id=1827","url":"https:\/\/www.energiversum.se\/?page_id=1827","name":"Analys & behandling - ENERGIVERSUM","isPartOf":{"@id":"https:\/\/www.energiversum.se\/#website"},"datePublished":"2025-03-04T14:23:40+00:00","dateModified":"2025-03-12T17:51:59+00:00","description":"Frekvens och bioresonans. F\u00f6re varje behandling g\u00f6rs en kortare eller l\u00e4ngre analys och diskussion om aktuellt h\u00e4lsol\u00e4ge. Information om tidigare k\u00e4nda sjukdomar, l\u00e4kardiagnoser och patientens egen beskrivning av aktuella symptom","breadcrumb":{"@id":"https:\/\/www.energiversum.se\/?page_id=1827#breadcrumb"},"inLanguage":"sv-SE","potentialAction":[{"@type":"ReadAction","target":["https:\/\/www.energiversum.se\/?page_id=1827"]}]},{"@type":"BreadcrumbList","@id":"https:\/\/www.energiversum.se\/?page_id=1827#breadcrumb","itemListElement":[{"@type":"ListItem","position":1,"name":"Hem","item":"https:\/\/www.energiversum.se\/"},{"@type":"ListItem","position":2,"name":"Analys &#038; behandling"}]},{"@type":"WebSite","@id":"https:\/\/www.energiversum.se\/#website","url":"https:\/\/www.energiversum.se\/","name":"energiversum","description":"ett litet f\u00f6retag med o\u00e4ndliga m\u00e5l","publisher":{"@id":"https:\/\/www.energiversum.se\/#organization"},"potentialAction":[{"@type":"SearchAction","target":{"@type":"EntryPoint","urlTemplate":"https:\/\/www.energiversum.se\/?s={search_term_string}"},"query-input":{"@type":"PropertyValueSpecification","valueRequired":true,"valueName":"search_term_string"}}],"inLanguage":"sv-SE"},{"@type":"Organization","@id":"https:\/\/www.energiversum.se\/#organization","name":"energiversum","url":"https:\/\/www.energiversum.se\/","logo":{"@type":"ImageObject","inLanguage":"sv-SE","@id":"https:\/\/www.energiversum.se\/#\/schema\/logo\/image\/","url":"https:\/\/www.energiversum.se\/wp-content\/uploads\/2023\/06\/4a28fd_d7c9fcefb24f4f8d8ad74aa78ce9caf3_mv1-2.webp","contentUrl":"https:\/\/www.energiversum.se\/wp-content\/uploads\/2023\/06\/4a28fd_d7c9fcefb24f4f8d8ad74aa78ce9caf3_mv1-2.webp","width":222,"height":223,"caption":"energiversum"},"image":{"@id":"https:\/\/www.energiversum.se\/#\/schema\/logo\/image\/"},"sameAs":["https:\/\/www.facebook.com\/hilding.eklund"]}]}},"_links":{"self":[{"href":"https:\/\/www.energiversum.se\/index.php?rest_route=\/wp\/v2\/pages\/1827","targetHints":{"allow":["GET"]}}],"collection":[{"href":"https:\/\/www.energiversum.se\/index.php?rest_route=\/wp\/v2\/pages"}],"about":[{"href":"https:\/\/www.energiversum.se\/index.php?rest_route=\/wp\/v2\/types\/page"}],"author":[{"embeddable":true,"href":"https:\/\/www.energiversum.se\/index.php?rest_route=\/wp\/v2\/users\/1"}],"replies":[{"embeddable":true,"href":"https:\/\/www.energiversum.se\/index.php?rest_route=%2Fwp%2Fv2%2Fcomments&post=1827"}],"version-history":[{"count":32,"href":"https:\/\/www.energiversum.se\/index.php?rest_route=\/wp\/v2\/pages\/1827\/revisions"}],"predecessor-version":[{"id":3145,"href":"https:\/\/www.energiversum.se\/index.php?rest_route=\/wp\/v2\/pages\/1827\/revisions\/3145"}],"wp:attachment":[{"href":"https:\/\/www.energiversum.se\/index.php?rest_route=%2Fwp%2Fv2%2Fmedia&parent=1827"}],"curies":[{"name":"wp","href":"https:\/\/api.w.org\/{rel}","templated":true}]}}