{"id":1239,"date":"2025-03-10T11:12:39","date_gmt":"2025-03-10T10:12:39","guid":{"rendered":"https:\/\/www.energiversum.se\/?page_id=1239"},"modified":"2025-03-14T13:27:18","modified_gmt":"2025-03-14T12:27:18","slug":"valkommen-till-energiversum-2","status":"publish","type":"page","link":"https:\/\/www.energiversum.se\/","title":{"rendered":"V\u00e4lkommen till Energiversum!"},"content":{"rendered":"\t\t<div data-elementor-type=\"wp-page\" data-elementor-id=\"1239\" class=\"elementor elementor-1239\">\n\t\t\t\t\t\t<section class=\"elementor-section elementor-top-section elementor-element elementor-element-2626909a elementor-section-boxed elementor-section-height-default elementor-section-height-default\" data-id=\"2626909a\" data-element_type=\"section\">\n\t\t\t\t\t\t<div class=\"elementor-container elementor-column-gap-default\">\n\t\t\t\t\t<div class=\"elementor-column elementor-col-100 elementor-top-column elementor-element elementor-element-3fc55dda\" data-id=\"3fc55dda\" data-element_type=\"column\">\n\t\t\t<div class=\"elementor-widget-wrap elementor-element-populated\">\n\t\t\t\t\t\t<div class=\"elementor-element elementor-element-69f19dd9 elementor-widget elementor-widget-text-editor\" data-id=\"69f19dd9\" data-element_type=\"widget\" data-widget_type=\"text-editor.default\">\n\t\t\t\t<div class=\"elementor-widget-container\">\n\t\t\t\t\t\t\t\t\t\n<p>Energiversum har som m\u00e5l att hitta och bota orsakerna till obalanser och sjukdomar i kroppen. Framtidens medicin \u00e4r <strong>BIORESONANS <\/strong>med hj\u00e4lp av <strong>FREKVENSMASKINER.<\/strong><\/p>\n\n<p><strong>Bioresonans<\/strong> \u00e4r kroppens svar p\u00e5 frekvenser. Allt har en egen frekvens, fr\u00e5n atomer, kroppceller till kroppsorgan m.m, som svarar med harmoni eller disharmoni mot andra frekvenser t.ex fr\u00e5n solen som ger dig bl.a. D-vitamin.<\/p>\n\n<p>Med en <strong>frekvensmaskin <\/strong>och kunskap om kroppsfrekvenser kan obalanser uppt\u00e4ckas p\u00e5 ett tidigt stadium och ge st\u00f6d \u00e5t kroppens immunf\u00f6rsvar och sj\u00e4lvl\u00e4kande krafter.<br \/><br \/><strong>Energiversum<\/strong> anv\u00e4nder &#8221;<em>Bioresonans enligt Paul Schmidt&#8221;<\/em>. Maskiner och metoder som arbetats fram i framf\u00f6r allt Tyskland sedan 1970-talet.<\/p>\n\n<p class=\"wp-duotone-unset-2\"><img fetchpriority=\"high\" decoding=\"async\" class=\"alignleft wp-image-3229 size-medium\" src=\"https:\/\/www.energiversum.se\/wp-content\/uploads\/2025\/03\/admin-ajax-206x300.jpg\" alt=\"\" width=\"206\" height=\"300\" srcset=\"https:\/\/www.energiversum.se\/wp-content\/uploads\/2025\/03\/admin-ajax-206x300.jpg 206w, https:\/\/www.energiversum.se\/wp-content\/uploads\/2025\/03\/admin-ajax.jpg 394w\" sizes=\"(max-width: 206px) 100vw, 206px\" \/><\/p>\n<p>\u00a0<\/p>\n\n<p><strong>Hilding Eklund<\/strong><br \/>Diplomerad Massageterapeut<br \/>hilding.eklund@icloud.com<br \/>076 577 76 27<\/p>\n\n<p>\u00a0<\/p>\n\t\t\t\t\t\t\t\t<\/div>\n\t\t\t\t<\/div>\n\t\t\t\t\t<\/div>\n\t\t<\/div>\n\t\t\t\t\t<\/div>\n\t\t<\/section>\n\t\t\t\t<\/div>\n\t\t","protected":false},"excerpt":{"rendered":"<p>Energiversum har som m\u00e5l att hitta och bota orsakerna till obalanser och sjukdomar i kroppen. Framtidens medicin \u00e4r BIORESONANS med hj\u00e4lp av FREKVENSMASKINER. Bioresonans \u00e4r kroppens svar p\u00e5 frekvenser. Allt har en egen frekvens, fr\u00e5n atomer, kroppceller till kroppsorgan m.m, &hellip; <a href=\"https:\/\/www.energiversum.se\/\">Forts\u00e4tt l\u00e4sa <span class=\"meta-nav\">&rarr;<\/span><\/a><\/p>\n","protected":false},"author":1,"featured_media":0,"parent":0,"menu_order":0,"comment_status":"closed","ping_status":"closed","template":"","meta":{"footnotes":""},"class_list":["post-1239","page","type-page","status-publish","hentry"],"yoast_head":"<!-- This site is optimized with the Yoast SEO plugin v24.6 - https:\/\/yoast.com\/wordpress\/plugins\/seo\/ -->\n<title>V\u00e4lkommen till Energiversum! - ENERGIVERSUM<\/title>\n<meta name=\"description\" content=\"Energiversum \u00e4r ett litet f\u00f6retag som har som m\u00e5l att hitta och bota orsakerna till obalanser och sjukdomar i kroppen. Framtidens medicin \u00e4r BIORESONANS med hj\u00e4lp av FREKVENSMASKINER. Kontakta Hilding Eklund 076 577 7627, B\u00e4ckv\u00e4gen 85 H\u00e4gersten\" \/>\n<meta name=\"robots\" content=\"index, follow, max-snippet:-1, max-image-preview:large, max-video-preview:-1\" \/>\n<link rel=\"canonical\" href=\"https:\/\/www.energiversum.se\/\" \/>\n<meta property=\"og:locale\" content=\"sv_SE\" \/>\n<meta property=\"og:type\" content=\"article\" \/>\n<meta property=\"og:title\" content=\"V\u00e4lkommen till Energiversum! - ENERGIVERSUM\" \/>\n<meta property=\"og:description\" content=\"Energiversum \u00e4r ett litet f\u00f6retag som har som m\u00e5l att hitta och bota orsakerna till obalanser och sjukdomar i kroppen. Framtidens medicin \u00e4r BIORESONANS med hj\u00e4lp av FREKVENSMASKINER. Kontakta Hilding Eklund 076 577 7627, B\u00e4ckv\u00e4gen 85 H\u00e4gersten\" \/>\n<meta property=\"og:url\" content=\"https:\/\/www.energiversum.se\/\" \/>\n<meta property=\"og:site_name\" content=\"ENERGIVERSUM\" \/>\n<meta property=\"article:publisher\" content=\"https:\/\/www.facebook.com\/hilding.eklund\" \/>\n<meta property=\"article:modified_time\" content=\"2025-03-14T12:27:18+00:00\" \/>\n<meta property=\"og:image\" content=\"https:\/\/www.energiversum.se\/wp-content\/uploads\/2025\/03\/admin-ajax.jpg\" \/>\n\t<meta property=\"og:image:width\" content=\"394\" \/>\n\t<meta property=\"og:image:height\" content=\"574\" \/>\n\t<meta property=\"og:image:type\" content=\"image\/jpeg\" \/>\n<meta name=\"twitter:card\" content=\"summary_large_image\" \/>\n<meta name=\"twitter:label1\" content=\"Ber\u00e4knad l\u00e4stid\" \/>\n\t<meta name=\"twitter:data1\" content=\"1 minut\" \/>\n<script type=\"application\/ld+json\" class=\"yoast-schema-graph\">{\"@context\":\"https:\/\/schema.org\",\"@graph\":[{\"@type\":\"WebPage\",\"@id\":\"https:\/\/www.energiversum.se\/\",\"url\":\"https:\/\/www.energiversum.se\/\",\"name\":\"V\u00e4lkommen till Energiversum! - ENERGIVERSUM\",\"isPartOf\":{\"@id\":\"https:\/\/www.energiversum.se\/#website\"},\"primaryImageOfPage\":{\"@id\":\"https:\/\/www.energiversum.se\/#primaryimage\"},\"image\":{\"@id\":\"https:\/\/www.energiversum.se\/#primaryimage\"},\"thumbnailUrl\":\"https:\/\/www.energiversum.se\/wp-content\/uploads\/2025\/03\/admin-ajax-206x300.jpg\",\"datePublished\":\"2025-03-10T10:12:39+00:00\",\"dateModified\":\"2025-03-14T12:27:18+00:00\",\"description\":\"Energiversum \u00e4r ett litet f\u00f6retag som har som m\u00e5l att hitta och bota orsakerna till obalanser och sjukdomar i kroppen. Framtidens medicin \u00e4r BIORESONANS med hj\u00e4lp av FREKVENSMASKINER. Kontakta Hilding Eklund 076 577 7627, B\u00e4ckv\u00e4gen 85 H\u00e4gersten\",\"breadcrumb\":{\"@id\":\"https:\/\/www.energiversum.se\/#breadcrumb\"},\"inLanguage\":\"sv-SE\",\"potentialAction\":[{\"@type\":\"ReadAction\",\"target\":[\"https:\/\/www.energiversum.se\/\"]}]},{\"@type\":\"ImageObject\",\"inLanguage\":\"sv-SE\",\"@id\":\"https:\/\/www.energiversum.se\/#primaryimage\",\"url\":\"https:\/\/www.energiversum.se\/wp-content\/uploads\/2025\/03\/admin-ajax.jpg\",\"contentUrl\":\"https:\/\/www.energiversum.se\/wp-content\/uploads\/2025\/03\/admin-ajax.jpg\",\"width\":394,\"height\":574},{\"@type\":\"BreadcrumbList\",\"@id\":\"https:\/\/www.energiversum.se\/#breadcrumb\",\"itemListElement\":[{\"@type\":\"ListItem\",\"position\":1,\"name\":\"Hem\",\"item\":\"https:\/\/www.energiversum.se\/\"},{\"@type\":\"ListItem\",\"position\":2,\"name\":\"V\u00e4lkommen till Energiversum!\"}]},{\"@type\":\"WebSite\",\"@id\":\"https:\/\/www.energiversum.se\/#website\",\"url\":\"https:\/\/www.energiversum.se\/\",\"name\":\"energiversum\",\"description\":\"ett litet f\u00f6retag med o\u00e4ndliga m\u00e5l\",\"publisher\":{\"@id\":\"https:\/\/www.energiversum.se\/#organization\"},\"potentialAction\":[{\"@type\":\"SearchAction\",\"target\":{\"@type\":\"EntryPoint\",\"urlTemplate\":\"https:\/\/www.energiversum.se\/?s={search_term_string}\"},\"query-input\":{\"@type\":\"PropertyValueSpecification\",\"valueRequired\":true,\"valueName\":\"search_term_string\"}}],\"inLanguage\":\"sv-SE\"},{\"@type\":\"Organization\",\"@id\":\"https:\/\/www.energiversum.se\/#organization\",\"name\":\"energiversum\",\"url\":\"https:\/\/www.energiversum.se\/\",\"logo\":{\"@type\":\"ImageObject\",\"inLanguage\":\"sv-SE\",\"@id\":\"https:\/\/www.energiversum.se\/#\/schema\/logo\/image\/\",\"url\":\"https:\/\/www.energiversum.se\/wp-content\/uploads\/2023\/06\/4a28fd_d7c9fcefb24f4f8d8ad74aa78ce9caf3_mv1-2.webp\",\"contentUrl\":\"https:\/\/www.energiversum.se\/wp-content\/uploads\/2023\/06\/4a28fd_d7c9fcefb24f4f8d8ad74aa78ce9caf3_mv1-2.webp\",\"width\":222,\"height\":223,\"caption\":\"energiversum\"},\"image\":{\"@id\":\"https:\/\/www.energiversum.se\/#\/schema\/logo\/image\/\"},\"sameAs\":[\"https:\/\/www.facebook.com\/hilding.eklund\"]}]}<\/script>\n<!-- \/ Yoast SEO plugin. -->","yoast_head_json":{"title":"V\u00e4lkommen till Energiversum! - ENERGIVERSUM","description":"Energiversum \u00e4r ett litet f\u00f6retag som har som m\u00e5l att hitta och bota orsakerna till obalanser och sjukdomar i kroppen. Framtidens medicin \u00e4r BIORESONANS med hj\u00e4lp av FREKVENSMASKINER. Kontakta Hilding Eklund 076 577 7627, B\u00e4ckv\u00e4gen 85 H\u00e4gersten","robots":{"index":"index","follow":"follow","max-snippet":"max-snippet:-1","max-image-preview":"max-image-preview:large","max-video-preview":"max-video-preview:-1"},"canonical":"https:\/\/www.energiversum.se\/","og_locale":"sv_SE","og_type":"article","og_title":"V\u00e4lkommen till Energiversum! - ENERGIVERSUM","og_description":"Energiversum \u00e4r ett litet f\u00f6retag som har som m\u00e5l att hitta och bota orsakerna till obalanser och sjukdomar i kroppen. Framtidens medicin \u00e4r BIORESONANS med hj\u00e4lp av FREKVENSMASKINER. Kontakta Hilding Eklund 076 577 7627, B\u00e4ckv\u00e4gen 85 H\u00e4gersten","og_url":"https:\/\/www.energiversum.se\/","og_site_name":"ENERGIVERSUM","article_publisher":"https:\/\/www.facebook.com\/hilding.eklund","article_modified_time":"2025-03-14T12:27:18+00:00","og_image":[{"width":394,"height":574,"url":"https:\/\/www.energiversum.se\/wp-content\/uploads\/2025\/03\/admin-ajax.jpg","type":"image\/jpeg"}],"twitter_card":"summary_large_image","twitter_misc":{"Ber\u00e4knad l\u00e4stid":"1 minut"},"schema":{"@context":"https:\/\/schema.org","@graph":[{"@type":"WebPage","@id":"https:\/\/www.energiversum.se\/","url":"https:\/\/www.energiversum.se\/","name":"V\u00e4lkommen till Energiversum! - ENERGIVERSUM","isPartOf":{"@id":"https:\/\/www.energiversum.se\/#website"},"primaryImageOfPage":{"@id":"https:\/\/www.energiversum.se\/#primaryimage"},"image":{"@id":"https:\/\/www.energiversum.se\/#primaryimage"},"thumbnailUrl":"https:\/\/www.energiversum.se\/wp-content\/uploads\/2025\/03\/admin-ajax-206x300.jpg","datePublished":"2025-03-10T10:12:39+00:00","dateModified":"2025-03-14T12:27:18+00:00","description":"Energiversum \u00e4r ett litet f\u00f6retag som har som m\u00e5l att hitta och bota orsakerna till obalanser och sjukdomar i kroppen. Framtidens medicin \u00e4r BIORESONANS med hj\u00e4lp av FREKVENSMASKINER. Kontakta Hilding Eklund 076 577 7627, B\u00e4ckv\u00e4gen 85 H\u00e4gersten","breadcrumb":{"@id":"https:\/\/www.energiversum.se\/#breadcrumb"},"inLanguage":"sv-SE","potentialAction":[{"@type":"ReadAction","target":["https:\/\/www.energiversum.se\/"]}]},{"@type":"ImageObject","inLanguage":"sv-SE","@id":"https:\/\/www.energiversum.se\/#primaryimage","url":"https:\/\/www.energiversum.se\/wp-content\/uploads\/2025\/03\/admin-ajax.jpg","contentUrl":"https:\/\/www.energiversum.se\/wp-content\/uploads\/2025\/03\/admin-ajax.jpg","width":394,"height":574},{"@type":"BreadcrumbList","@id":"https:\/\/www.energiversum.se\/#breadcrumb","itemListElement":[{"@type":"ListItem","position":1,"name":"Hem","item":"https:\/\/www.energiversum.se\/"},{"@type":"ListItem","position":2,"name":"V\u00e4lkommen till Energiversum!"}]},{"@type":"WebSite","@id":"https:\/\/www.energiversum.se\/#website","url":"https:\/\/www.energiversum.se\/","name":"energiversum","description":"ett litet f\u00f6retag med o\u00e4ndliga m\u00e5l","publisher":{"@id":"https:\/\/www.energiversum.se\/#organization"},"potentialAction":[{"@type":"SearchAction","target":{"@type":"EntryPoint","urlTemplate":"https:\/\/www.energiversum.se\/?s={search_term_string}"},"query-input":{"@type":"PropertyValueSpecification","valueRequired":true,"valueName":"search_term_string"}}],"inLanguage":"sv-SE"},{"@type":"Organization","@id":"https:\/\/www.energiversum.se\/#organization","name":"energiversum","url":"https:\/\/www.energiversum.se\/","logo":{"@type":"ImageObject","inLanguage":"sv-SE","@id":"https:\/\/www.energiversum.se\/#\/schema\/logo\/image\/","url":"https:\/\/www.energiversum.se\/wp-content\/uploads\/2023\/06\/4a28fd_d7c9fcefb24f4f8d8ad74aa78ce9caf3_mv1-2.webp","contentUrl":"https:\/\/www.energiversum.se\/wp-content\/uploads\/2023\/06\/4a28fd_d7c9fcefb24f4f8d8ad74aa78ce9caf3_mv1-2.webp","width":222,"height":223,"caption":"energiversum"},"image":{"@id":"https:\/\/www.energiversum.se\/#\/schema\/logo\/image\/"},"sameAs":["https:\/\/www.facebook.com\/hilding.eklund"]}]}},"_links":{"self":[{"href":"https:\/\/www.energiversum.se\/index.php?rest_route=\/wp\/v2\/pages\/1239","targetHints":{"allow":["GET"]}}],"collection":[{"href":"https:\/\/www.energiversum.se\/index.php?rest_route=\/wp\/v2\/pages"}],"about":[{"href":"https:\/\/www.energiversum.se\/index.php?rest_route=\/wp\/v2\/types\/page"}],"author":[{"embeddable":true,"href":"https:\/\/www.energiversum.se\/index.php?rest_route=\/wp\/v2\/users\/1"}],"replies":[{"embeddable":true,"href":"https:\/\/www.energiversum.se\/index.php?rest_route=%2Fwp%2Fv2%2Fcomments&post=1239"}],"version-history":[{"count":20,"href":"https:\/\/www.energiversum.se\/index.php?rest_route=\/wp\/v2\/pages\/1239\/revisions"}],"predecessor-version":[{"id":3247,"href":"https:\/\/www.energiversum.se\/index.php?rest_route=\/wp\/v2\/pages\/1239\/revisions\/3247"}],"wp:attachment":[{"href":"https:\/\/www.energiversum.se\/index.php?rest_route=%2Fwp%2Fv2%2Fmedia&parent=1239"}],"curies":[{"name":"wp","href":"https:\/\/api.w.org\/{rel}","templated":true}]}}