{"id":1217,"date":"2025-03-12T23:48:19","date_gmt":"2025-03-12T22:48:19","guid":{"rendered":"https:\/\/www.energiversum.se\/?page_id=1217"},"modified":"2025-03-13T11:20:47","modified_gmt":"2025-03-13T10:20:47","slug":"bristsjukdommar-2","status":"publish","type":"page","link":"https:\/\/www.energiversum.se\/?page_id=1217","title":{"rendered":"Bristsjukdommar"},"content":{"rendered":"\t\t<div data-elementor-type=\"wp-page\" data-elementor-id=\"1217\" class=\"elementor elementor-1217\">\n\t\t\t\t\t\t<section class=\"elementor-section elementor-top-section elementor-element elementor-element-3bb3c701 elementor-section-boxed elementor-section-height-default elementor-section-height-default\" data-id=\"3bb3c701\" data-element_type=\"section\">\n\t\t\t\t\t\t<div class=\"elementor-container elementor-column-gap-default\">\n\t\t\t\t\t<div class=\"elementor-column elementor-col-100 elementor-top-column elementor-element elementor-element-1f1cb43d\" data-id=\"1f1cb43d\" data-element_type=\"column\">\n\t\t\t<div class=\"elementor-widget-wrap elementor-element-populated\">\n\t\t\t\t\t\t<div class=\"elementor-element elementor-element-0fa13fa elementor-widget elementor-widget-heading\" data-id=\"0fa13fa\" data-element_type=\"widget\" data-widget_type=\"heading.default\">\n\t\t\t\t<div class=\"elementor-widget-container\">\n\t\t\t\t\t<h2 class=\"elementor-heading-title elementor-size-default\">BINDV\u00c4VEN<\/h2>\t\t\t\t<\/div>\n\t\t\t\t<\/div>\n\t\t\t\t<div class=\"elementor-element elementor-element-04f2a88 elementor-widget elementor-widget-text-editor\" data-id=\"04f2a88\" data-element_type=\"widget\" data-widget_type=\"text-editor.default\">\n\t\t\t\t<div class=\"elementor-widget-container\">\n\t\t\t\t\t\t\t\t\t<p>Bindv\u00e4ven\u00a0i kroppen best\u00e5r av tv\u00e5 sammanfl\u00e4tade aminosyror, lycin och prolin, sammanfl\u00e4tade som ett rep med koppar som klister och med en uth\u00e5llighet och styrka starkare \u00e4n st\u00e5l.<\/p><p>Bindv\u00e4ven finns i varenda kubikmillimeter av din kropp, i blodk\u00e4rlsv\u00e4ggarna, runt celler, organ, bildar brosk, ben, senor. (Kollagen och elastin \u00e4r olika namn p\u00e5 bindv\u00e4vstyper. Fett r\u00e4knas ocks\u00e5 som bindv\u00e4v).\u00a0<\/p><p>Bindv\u00e4ven f\u00f6ljer varje muskelcell, b\u00e4ddar in muskelpaket och f\u00f6rl\u00e4nger skelettmusklerna i en sena som f\u00e4ster i skelettbenen, som \u00e4r f\u00f6rkalkad bindv\u00e4v. Bindv\u00e4ven m\u00e5ste vara stark och smidig, elastisk, f\u00f6r att fullg\u00f6ra sin uppgift och det \u00e4r l\u00e4tt att f\u00f6rst\u00e5 att svag bindv\u00e4v kan ge upphov till en rad besv\u00e4r och sjukdomar.<\/p><p><span style=\"font-weight: bold;\">C-VITAMIN<\/span><\/p><p>C-vitamin\u00a0utg\u00f6r den viktigaste bioenergin vid produktion och underh\u00e5ll av bindv\u00e4v. De viktigaste byggstenarna \u00e4r som n\u00e4mnts aminosyrorna lysin och prolin, men \u00e4ven koppar, glykosamin och mangan \u00e4r betydelsefulla.<\/p><p>Utan C-vitamin faller kroppen helt enkelt s\u00f6nder vilket sj\u00f6m\u00e4n utan tillg\u00e5ng till frukt och gr\u00f6nt drabbades av p\u00e5 ett brutalt s\u00e4tt till s\u00e5 sent som 1700-talet d\u00e5 kunskapen kom att en apelsin om dagen kunde h\u00e5lla sk\u00f6rbjuggen borta fr\u00e5n skeppen.<\/p><p>Sk\u00f6rbjugg \u00e4r en s\u00e5 stor brist p\u00e5 C-vitamin s\u00e5 att kroppen varken kan bygga, reparera eller kompensera svagheter i bindv\u00e4ven och sj\u00f6m\u00e4nnen tappade t\u00e4nder och dog av spruckna blodk\u00e4rl, dvs inre bl\u00f6dningar.<\/p><p><span style=\"font-weight: bold;\">ARTERIOSCLEROS &#8211; \u00c5DERF\u00d6RKALKNING<\/span><\/p><p>Arterioskleros\u00a0(popul\u00e4rt kallat \u00e5derf\u00f6rkalkning) \u00e4r f\u00f6rstadiet till sk\u00f6rbjugg. Det f\u00f6reg\u00e5s av l\u00e5ngvarig smygande brist p\u00e5 C-vitamin kanske under decennier. Bristen drabbar fr\u00e4mst personer som- \u00e4r stressade d\u00e5 C-vitaminet anv\u00e4nds f\u00f6r att producera adrenalin- \u00e4r utsatta f\u00f6r kroppsfr\u00e4mmande \u00e4mnen d\u00e5 C-vitaminet anv\u00e4nds f\u00f6r att oskadligg\u00f6ra \u201dgiftiga \u00e4mnen\u201d.<\/p><p>Det g\u00e4ller t.ex. r\u00f6kare, personer som uts\u00e4tts f\u00f6r avgaser fr\u00e5n trafik eller fr\u00e4mmande \u00e4mnen i industriell produktion eller personer som kontinuerligt \u00e4ter l\u00e4kemedel. Om dessa personer inte kompenserar med \u00f6kat C-vitaminintag riskerar man kontinuerlig brist p\u00e5 C-vitamin och d\u00e4rmed p\u00e5 sikt f\u00f6rsvagad bindv\u00e4v i bl.a. blodk\u00e4rlen. Sprickbildning och svagheter uppst\u00e5r vilka kroppen f\u00f6rs\u00f6ker t\u00e4cka upp och kompensera med klibbiga \u00e4mnen i blodet\u00a0(lipoproteiner), LDL-partiklar (kolesterol), \u00a0glatt muskulatur m.m.och plackbildningen (\u00e5derf\u00f6rkalkningen) \u00e4r ett faktum.<\/p><p>Dessa personer som genom levnadss\u00e4tt och livsmilj\u00f6 f\u00f6rbrukar mycket C-vitamin riskerar givetvis att tidigare \u00e4n andra drabbas av andra problem i bindv\u00e4ven som- hudproblem- sv\u00e5rl\u00e4kta skador och bristningar i senor och senf\u00e4sten med l\u00e5ngvariga inflammationer och d\u00e4rmed sm\u00e4rtk\u00e4nslighet och v\u00e4rk- problem med leder och brosk som inte t\u00e5l p\u00e5frestningar fr\u00e5n en tyngre kropp, repetitiva r\u00f6relser och st\u00f6rre kraftanstr\u00e4ngningar\u00a0&#8211; det \u00e4r ingen v\u00e5gad gissning att tro att diffus kroppsv\u00e4rk och stelhet som \u00e4r sv\u00e5rdiagnostiserad kan h\u00e4rr\u00f6ra fr\u00e5n svagheter i bindv\u00e4ven.<\/p><p><b>H\u00d6GT BLODSOCKER OCH BINDV\u00c4VEN I K\u00c4RLEN<\/b><\/p><p>Personer med\u00a0h\u00f6gt blodsocker (glukos)\u00a0drabbas av en speciell form av C-vitaminbrist. C-vitaminmolekylen och glykosmolekylen \u00e4r lika varandra intill f\u00f6rv\u00e4xling och de anv\u00e4nder samma pump f\u00f6r att ta sig fr\u00e5n blodbanan in i blodk\u00e4rlsv\u00e4ggarnas epitelceller. Vid h\u00f6ga koncentrationer av blodsocker s\u00e5 konkurrerar helt enkelt glukosen ut C-vitaminet vid\u00a0 ing\u00e5ngen i cellv\u00e4ggen in till cellen.<\/p><p>Kroppen har kanske C-vitamin i blodstr\u00f6mmen men kan inte ta upp det d\u00e5 cellmembran\u00f6ppningarna stormas av alltf\u00f6r m\u00e5nga \u00a0glykosmolekyler. Det \u00e4r d\u00e4rf\u00f6r ingen \u00f6verraskning att personer med diabetes har h\u00f6g risk f\u00f6r hj\u00e4rt- och k\u00e4rlsjukdomar.\u00a0<br \/>1991 lade Dr Mattias Rath i samarbete med nobelpristagaren Linus Pauling (C-vitaminforskning) fram 2 vetenskapliga avhandlingar d\u00e4r man f\u00f6rklarade att plackbildning i blodk\u00e4rlen, framf\u00f6r allt art\u00e4rerna, berodde p\u00e5 sprickbildning i blodk\u00e4rlens v\u00e4ggar som kroppen f\u00f6rs\u00f6ker reparera och st\u00e4rka. Om plackbildningen fortg\u00e5r leder det till tr\u00e5nga och oelastiska k\u00e4rl, h\u00f6gt blodtryck, infarkter och k\u00e4rlbristningar.<\/p><p>Dr Rath har senare visat att terapeutiska doser av vitaminer och mineraler som n\u00e4mnts ovan kan tillbakabilda och uppl\u00f6sa plackbildningarna d\u00e5 kroppen f\u00e5r tillg\u00e5ng till den energi och de byggstenar som finns att \u00e5nyo bygga tillr\u00e4ckligt stark bindv\u00e4v.\u00a0<br \/>Dr Rath har utvecklat anpassade produkter, d\u00e4r de ing\u00e5ende \u00e4mnena synergistiskt f\u00f6rst\u00e4rker varandra, f\u00f6r att kroppen skall kunna h\u00e4va bristsituationen och b\u00f6rja l\u00e4ka de skador som bristsituationen lett till.\u00a0<\/p><p>Det g\u00e4ller inte bara plackbildning i k\u00e4rlen, utan \u00e4ven hj\u00e4rtflimmer och h\u00f6gt blodtryck. L\u00e4s mer om detta nedan under rubriken \u201dGlatt muskulatur och bristsjukdomar\u201d.<\/p><p>F\u00f6r ytterligare information &#8211; K\u00f6p och l\u00e4s boken av\u00a0<a href=\"https:\/\/www.dr-rath-foundation.org\/wp-content\/uploads\/2018\/07\/why-animals_en_chapter00-foreword.pdf\" target=\"_blank\" rel=\"noreferrer noopener\">Dr Rath \u201dVarf\u00f6r djur inte f\u00e5r hj\u00e4rtattacker\u2026<\/a>men vi m\u00e4nniskor d\u00f6r av dem.\u00a0<br \/>&#8211;\u00a0<a href=\"http:\/\/hildingeklund.wixsite.com\/energiversum\/kontakt\" target=\"_blank\" rel=\"noreferrer noopener\">Kontakta Energiversum\u00a0<\/a><br \/>Klicka p\u00e5\u00a0<a href=\"https:\/\/www.drrathresearch.org\/drrath-discoveries\/heart-disease\" target=\"_blank\" rel=\"noreferrer noopener\">l\u00e4nken<\/a>\u00a0\u00a0till Dr Raths forskning om hj\u00e4rt- och k\u00e4rlsjukdomar.<\/p>\t\t\t\t\t\t\t\t<\/div>\n\t\t\t\t<\/div>\n\t\t\t\t<div class=\"elementor-element elementor-element-e877854 elementor-widget elementor-widget-image\" data-id=\"e877854\" data-element_type=\"widget\" data-widget_type=\"image.default\">\n\t\t\t\t<div class=\"elementor-widget-container\">\n\t\t\t\t\t\t\t\t\t\t\t\t\t\t\t<img fetchpriority=\"high\" decoding=\"async\" width=\"455\" height=\"747\" src=\"https:\/\/www.energiversum.se\/wp-content\/uploads\/2023\/11\/Why-Animals-Dont-get-Heart-Attacks-but-People-do-Matthias-Rath-2015-Revised-5th-edition_0000.jpg\" class=\"attachment-large size-large wp-image-2310\" alt=\"\" srcset=\"https:\/\/www.energiversum.se\/wp-content\/uploads\/2023\/11\/Why-Animals-Dont-get-Heart-Attacks-but-People-do-Matthias-Rath-2015-Revised-5th-edition_0000.jpg 455w, https:\/\/www.energiversum.se\/wp-content\/uploads\/2023\/11\/Why-Animals-Dont-get-Heart-Attacks-but-People-do-Matthias-Rath-2015-Revised-5th-edition_0000-183x300.jpg 183w\" sizes=\"(max-width: 455px) 100vw, 455px\" \/>\t\t\t\t\t\t\t\t\t\t\t\t\t\t\t<\/div>\n\t\t\t\t<\/div>\n\t\t\t\t\t<\/div>\n\t\t<\/div>\n\t\t\t\t\t<\/div>\n\t\t<\/section>\n\t\t\t\t<section class=\"elementor-section elementor-top-section elementor-element elementor-element-c3b43d2 elementor-section-boxed elementor-section-height-default elementor-section-height-default\" data-id=\"c3b43d2\" data-element_type=\"section\">\n\t\t\t\t\t\t<div class=\"elementor-container elementor-column-gap-default\">\n\t\t\t\t\t<div class=\"elementor-column elementor-col-100 elementor-top-column elementor-element elementor-element-e273638\" data-id=\"e273638\" data-element_type=\"column\">\n\t\t\t<div class=\"elementor-widget-wrap\">\n\t\t\t\t\t\t\t<\/div>\n\t\t<\/div>\n\t\t\t\t\t<\/div>\n\t\t<\/section>\n\t\t\t\t<\/div>\n\t\t","protected":false},"excerpt":{"rendered":"<p>BINDV\u00c4VEN Bindv\u00e4ven\u00a0i kroppen best\u00e5r av tv\u00e5 sammanfl\u00e4tade aminosyror, lycin och prolin, sammanfl\u00e4tade som ett rep med koppar som klister och med en uth\u00e5llighet och styrka starkare \u00e4n st\u00e5l. Bindv\u00e4ven finns i varenda kubikmillimeter av din kropp, i blodk\u00e4rlsv\u00e4ggarna, runt celler, &hellip; <a href=\"https:\/\/www.energiversum.se\/?page_id=1217\">Forts\u00e4tt l\u00e4sa <span class=\"meta-nav\">&rarr;<\/span><\/a><\/p>\n","protected":false},"author":1,"featured_media":0,"parent":0,"menu_order":0,"comment_status":"closed","ping_status":"closed","template":"","meta":{"footnotes":""},"class_list":["post-1217","page","type-page","status-publish","hentry"],"yoast_head":"<!-- This site is optimized with the Yoast SEO plugin v24.6 - https:\/\/yoast.com\/wordpress\/plugins\/seo\/ -->\n<title>Bristsjukdommar - ENERGIVERSUM<\/title>\n<meta name=\"robots\" content=\"index, follow, max-snippet:-1, max-image-preview:large, max-video-preview:-1\" \/>\n<link rel=\"canonical\" href=\"https:\/\/www.energiversum.se\/?page_id=1217\" \/>\n<meta property=\"og:locale\" content=\"sv_SE\" \/>\n<meta property=\"og:type\" content=\"article\" \/>\n<meta property=\"og:title\" content=\"Bristsjukdommar - ENERGIVERSUM\" \/>\n<meta property=\"og:description\" content=\"BINDV\u00c4VEN Bindv\u00e4ven\u00a0i kroppen best\u00e5r av tv\u00e5 sammanfl\u00e4tade aminosyror, lycin och prolin, sammanfl\u00e4tade som ett rep med koppar som klister och med en uth\u00e5llighet och styrka starkare \u00e4n st\u00e5l. Bindv\u00e4ven finns i varenda kubikmillimeter av din kropp, i blodk\u00e4rlsv\u00e4ggarna, runt celler, &hellip; Forts\u00e4tt l\u00e4sa &rarr;\" \/>\n<meta property=\"og:url\" content=\"https:\/\/www.energiversum.se\/?page_id=1217\" \/>\n<meta property=\"og:site_name\" content=\"ENERGIVERSUM\" \/>\n<meta property=\"article:publisher\" content=\"https:\/\/www.facebook.com\/hilding.eklund\" \/>\n<meta property=\"article:modified_time\" content=\"2025-03-13T10:20:47+00:00\" \/>\n<meta property=\"og:image\" content=\"https:\/\/www.energiversum.se\/wp-content\/uploads\/2023\/11\/Why-Animals-Dont-get-Heart-Attacks-but-People-do-Matthias-Rath-2015-Revised-5th-edition_0000.jpg\" \/>\n\t<meta property=\"og:image:width\" content=\"455\" \/>\n\t<meta property=\"og:image:height\" content=\"747\" \/>\n\t<meta property=\"og:image:type\" content=\"image\/jpeg\" \/>\n<meta name=\"twitter:card\" content=\"summary_large_image\" \/>\n<meta name=\"twitter:label1\" content=\"Ber\u00e4knad l\u00e4stid\" \/>\n\t<meta name=\"twitter:data1\" content=\"4 minuter\" \/>\n<script type=\"application\/ld+json\" class=\"yoast-schema-graph\">{\"@context\":\"https:\/\/schema.org\",\"@graph\":[{\"@type\":\"WebPage\",\"@id\":\"https:\/\/www.energiversum.se\/?page_id=1217\",\"url\":\"https:\/\/www.energiversum.se\/?page_id=1217\",\"name\":\"Bristsjukdommar - ENERGIVERSUM\",\"isPartOf\":{\"@id\":\"https:\/\/www.energiversum.se\/#website\"},\"primaryImageOfPage\":{\"@id\":\"https:\/\/www.energiversum.se\/?page_id=1217#primaryimage\"},\"image\":{\"@id\":\"https:\/\/www.energiversum.se\/?page_id=1217#primaryimage\"},\"thumbnailUrl\":\"https:\/\/www.energiversum.se\/wp-content\/uploads\/2023\/11\/Why-Animals-Dont-get-Heart-Attacks-but-People-do-Matthias-Rath-2015-Revised-5th-edition_0000.jpg\",\"datePublished\":\"2025-03-12T22:48:19+00:00\",\"dateModified\":\"2025-03-13T10:20:47+00:00\",\"breadcrumb\":{\"@id\":\"https:\/\/www.energiversum.se\/?page_id=1217#breadcrumb\"},\"inLanguage\":\"sv-SE\",\"potentialAction\":[{\"@type\":\"ReadAction\",\"target\":[\"https:\/\/www.energiversum.se\/?page_id=1217\"]}]},{\"@type\":\"ImageObject\",\"inLanguage\":\"sv-SE\",\"@id\":\"https:\/\/www.energiversum.se\/?page_id=1217#primaryimage\",\"url\":\"https:\/\/www.energiversum.se\/wp-content\/uploads\/2023\/11\/Why-Animals-Dont-get-Heart-Attacks-but-People-do-Matthias-Rath-2015-Revised-5th-edition_0000.jpg\",\"contentUrl\":\"https:\/\/www.energiversum.se\/wp-content\/uploads\/2023\/11\/Why-Animals-Dont-get-Heart-Attacks-but-People-do-Matthias-Rath-2015-Revised-5th-edition_0000.jpg\",\"width\":455,\"height\":747},{\"@type\":\"BreadcrumbList\",\"@id\":\"https:\/\/www.energiversum.se\/?page_id=1217#breadcrumb\",\"itemListElement\":[{\"@type\":\"ListItem\",\"position\":1,\"name\":\"Hem\",\"item\":\"https:\/\/www.energiversum.se\/\"},{\"@type\":\"ListItem\",\"position\":2,\"name\":\"Bristsjukdommar\"}]},{\"@type\":\"WebSite\",\"@id\":\"https:\/\/www.energiversum.se\/#website\",\"url\":\"https:\/\/www.energiversum.se\/\",\"name\":\"energiversum\",\"description\":\"ett litet f\u00f6retag med o\u00e4ndliga m\u00e5l\",\"publisher\":{\"@id\":\"https:\/\/www.energiversum.se\/#organization\"},\"potentialAction\":[{\"@type\":\"SearchAction\",\"target\":{\"@type\":\"EntryPoint\",\"urlTemplate\":\"https:\/\/www.energiversum.se\/?s={search_term_string}\"},\"query-input\":{\"@type\":\"PropertyValueSpecification\",\"valueRequired\":true,\"valueName\":\"search_term_string\"}}],\"inLanguage\":\"sv-SE\"},{\"@type\":\"Organization\",\"@id\":\"https:\/\/www.energiversum.se\/#organization\",\"name\":\"energiversum\",\"url\":\"https:\/\/www.energiversum.se\/\",\"logo\":{\"@type\":\"ImageObject\",\"inLanguage\":\"sv-SE\",\"@id\":\"https:\/\/www.energiversum.se\/#\/schema\/logo\/image\/\",\"url\":\"https:\/\/www.energiversum.se\/wp-content\/uploads\/2023\/06\/4a28fd_d7c9fcefb24f4f8d8ad74aa78ce9caf3_mv1-2.webp\",\"contentUrl\":\"https:\/\/www.energiversum.se\/wp-content\/uploads\/2023\/06\/4a28fd_d7c9fcefb24f4f8d8ad74aa78ce9caf3_mv1-2.webp\",\"width\":222,\"height\":223,\"caption\":\"energiversum\"},\"image\":{\"@id\":\"https:\/\/www.energiversum.se\/#\/schema\/logo\/image\/\"},\"sameAs\":[\"https:\/\/www.facebook.com\/hilding.eklund\"]}]}<\/script>\n<!-- \/ Yoast SEO plugin. -->","yoast_head_json":{"title":"Bristsjukdommar - ENERGIVERSUM","robots":{"index":"index","follow":"follow","max-snippet":"max-snippet:-1","max-image-preview":"max-image-preview:large","max-video-preview":"max-video-preview:-1"},"canonical":"https:\/\/www.energiversum.se\/?page_id=1217","og_locale":"sv_SE","og_type":"article","og_title":"Bristsjukdommar - ENERGIVERSUM","og_description":"BINDV\u00c4VEN Bindv\u00e4ven\u00a0i kroppen best\u00e5r av tv\u00e5 sammanfl\u00e4tade aminosyror, lycin och prolin, sammanfl\u00e4tade som ett rep med koppar som klister och med en uth\u00e5llighet och styrka starkare \u00e4n st\u00e5l. Bindv\u00e4ven finns i varenda kubikmillimeter av din kropp, i blodk\u00e4rlsv\u00e4ggarna, runt celler, &hellip; Forts\u00e4tt l\u00e4sa &rarr;","og_url":"https:\/\/www.energiversum.se\/?page_id=1217","og_site_name":"ENERGIVERSUM","article_publisher":"https:\/\/www.facebook.com\/hilding.eklund","article_modified_time":"2025-03-13T10:20:47+00:00","og_image":[{"width":455,"height":747,"url":"https:\/\/www.energiversum.se\/wp-content\/uploads\/2023\/11\/Why-Animals-Dont-get-Heart-Attacks-but-People-do-Matthias-Rath-2015-Revised-5th-edition_0000.jpg","type":"image\/jpeg"}],"twitter_card":"summary_large_image","twitter_misc":{"Ber\u00e4knad l\u00e4stid":"4 minuter"},"schema":{"@context":"https:\/\/schema.org","@graph":[{"@type":"WebPage","@id":"https:\/\/www.energiversum.se\/?page_id=1217","url":"https:\/\/www.energiversum.se\/?page_id=1217","name":"Bristsjukdommar - ENERGIVERSUM","isPartOf":{"@id":"https:\/\/www.energiversum.se\/#website"},"primaryImageOfPage":{"@id":"https:\/\/www.energiversum.se\/?page_id=1217#primaryimage"},"image":{"@id":"https:\/\/www.energiversum.se\/?page_id=1217#primaryimage"},"thumbnailUrl":"https:\/\/www.energiversum.se\/wp-content\/uploads\/2023\/11\/Why-Animals-Dont-get-Heart-Attacks-but-People-do-Matthias-Rath-2015-Revised-5th-edition_0000.jpg","datePublished":"2025-03-12T22:48:19+00:00","dateModified":"2025-03-13T10:20:47+00:00","breadcrumb":{"@id":"https:\/\/www.energiversum.se\/?page_id=1217#breadcrumb"},"inLanguage":"sv-SE","potentialAction":[{"@type":"ReadAction","target":["https:\/\/www.energiversum.se\/?page_id=1217"]}]},{"@type":"ImageObject","inLanguage":"sv-SE","@id":"https:\/\/www.energiversum.se\/?page_id=1217#primaryimage","url":"https:\/\/www.energiversum.se\/wp-content\/uploads\/2023\/11\/Why-Animals-Dont-get-Heart-Attacks-but-People-do-Matthias-Rath-2015-Revised-5th-edition_0000.jpg","contentUrl":"https:\/\/www.energiversum.se\/wp-content\/uploads\/2023\/11\/Why-Animals-Dont-get-Heart-Attacks-but-People-do-Matthias-Rath-2015-Revised-5th-edition_0000.jpg","width":455,"height":747},{"@type":"BreadcrumbList","@id":"https:\/\/www.energiversum.se\/?page_id=1217#breadcrumb","itemListElement":[{"@type":"ListItem","position":1,"name":"Hem","item":"https:\/\/www.energiversum.se\/"},{"@type":"ListItem","position":2,"name":"Bristsjukdommar"}]},{"@type":"WebSite","@id":"https:\/\/www.energiversum.se\/#website","url":"https:\/\/www.energiversum.se\/","name":"energiversum","description":"ett litet f\u00f6retag med o\u00e4ndliga m\u00e5l","publisher":{"@id":"https:\/\/www.energiversum.se\/#organization"},"potentialAction":[{"@type":"SearchAction","target":{"@type":"EntryPoint","urlTemplate":"https:\/\/www.energiversum.se\/?s={search_term_string}"},"query-input":{"@type":"PropertyValueSpecification","valueRequired":true,"valueName":"search_term_string"}}],"inLanguage":"sv-SE"},{"@type":"Organization","@id":"https:\/\/www.energiversum.se\/#organization","name":"energiversum","url":"https:\/\/www.energiversum.se\/","logo":{"@type":"ImageObject","inLanguage":"sv-SE","@id":"https:\/\/www.energiversum.se\/#\/schema\/logo\/image\/","url":"https:\/\/www.energiversum.se\/wp-content\/uploads\/2023\/06\/4a28fd_d7c9fcefb24f4f8d8ad74aa78ce9caf3_mv1-2.webp","contentUrl":"https:\/\/www.energiversum.se\/wp-content\/uploads\/2023\/06\/4a28fd_d7c9fcefb24f4f8d8ad74aa78ce9caf3_mv1-2.webp","width":222,"height":223,"caption":"energiversum"},"image":{"@id":"https:\/\/www.energiversum.se\/#\/schema\/logo\/image\/"},"sameAs":["https:\/\/www.facebook.com\/hilding.eklund"]}]}},"_links":{"self":[{"href":"https:\/\/www.energiversum.se\/index.php?rest_route=\/wp\/v2\/pages\/1217","targetHints":{"allow":["GET"]}}],"collection":[{"href":"https:\/\/www.energiversum.se\/index.php?rest_route=\/wp\/v2\/pages"}],"about":[{"href":"https:\/\/www.energiversum.se\/index.php?rest_route=\/wp\/v2\/types\/page"}],"author":[{"embeddable":true,"href":"https:\/\/www.energiversum.se\/index.php?rest_route=\/wp\/v2\/users\/1"}],"replies":[{"embeddable":true,"href":"https:\/\/www.energiversum.se\/index.php?rest_route=%2Fwp%2Fv2%2Fcomments&post=1217"}],"version-history":[{"count":36,"href":"https:\/\/www.energiversum.se\/index.php?rest_route=\/wp\/v2\/pages\/1217\/revisions"}],"predecessor-version":[{"id":3065,"href":"https:\/\/www.energiversum.se\/index.php?rest_route=\/wp\/v2\/pages\/1217\/revisions\/3065"}],"wp:attachment":[{"href":"https:\/\/www.energiversum.se\/index.php?rest_route=%2Fwp%2Fv2%2Fmedia&parent=1217"}],"curies":[{"name":"wp","href":"https:\/\/api.w.org\/{rel}","templated":true}]}}