{"id":1208,"date":"2025-03-12T20:48:49","date_gmt":"2025-03-12T19:48:49","guid":{"rendered":"https:\/\/www.energiversum.se\/?page_id=1208"},"modified":"2025-03-13T11:19:24","modified_gmt":"2025-03-13T10:19:24","slug":"behandling-5","status":"publish","type":"page","link":"https:\/\/www.energiversum.se\/?page_id=1208","title":{"rendered":"Behandlingar"},"content":{"rendered":"\t\t<div data-elementor-type=\"wp-page\" data-elementor-id=\"1208\" class=\"elementor elementor-1208\">\n\t\t\t\t\t\t<section class=\"elementor-section elementor-top-section elementor-element elementor-element-e58b123 elementor-section-boxed elementor-section-height-default elementor-section-height-default\" data-id=\"e58b123\" data-element_type=\"section\">\n\t\t\t\t\t\t<div class=\"elementor-container elementor-column-gap-default\">\n\t\t\t\t\t<div class=\"elementor-column elementor-col-100 elementor-top-column elementor-element elementor-element-b9da29b\" data-id=\"b9da29b\" data-element_type=\"column\">\n\t\t\t<div class=\"elementor-widget-wrap elementor-element-populated\">\n\t\t\t\t\t\t<div class=\"elementor-element elementor-element-d170837 elementor-widget elementor-widget-text-editor\" data-id=\"d170837\" data-element_type=\"widget\" data-widget_type=\"text-editor.default\">\n\t\t\t\t<div class=\"elementor-widget-container\">\n\t\t\t\t\t\t\t\t\t<h6>Energiversum anv\u00e4nder frekvensmaskinen Rayonex 10, f\u00f6r att uppt\u00e4cka \u00f6verbelastningar och obalanser i kroppsdelar och d\u00e4refter behandla med de frekvenser som f\u00e5r ett disharmoniskt svar.<br>Massageterapin har m\u00e5nga metoder att uppt\u00e4cka och behandla blockeringar i muskler och leder och behandlingar kan g\u00f6ras omedelbart.<\/h6><h6><br><span style=\"font-weight: normal;\">Se mer p\u00e5 underrubrikerna!<\/span><\/h6>\t\t\t\t\t\t\t\t<\/div>\n\t\t\t\t<\/div>\n\t\t\t\t\t<\/div>\n\t\t<\/div>\n\t\t\t\t\t<\/div>\n\t\t<\/section>\n\t\t\t\t<\/div>\n\t\t","protected":false},"excerpt":{"rendered":"","protected":false},"author":1,"featured_media":0,"parent":0,"menu_order":0,"comment_status":"closed","ping_status":"closed","template":"","meta":{"footnotes":""},"class_list":["post-1208","page","type-page","status-publish","hentry"],"yoast_head":"<!-- This site is optimized with the Yoast SEO plugin v24.6 - https:\/\/yoast.com\/wordpress\/plugins\/seo\/ -->\n<title>Behandlingar - ENERGIVERSUM<\/title>\n<meta name=\"robots\" content=\"index, follow, max-snippet:-1, max-image-preview:large, max-video-preview:-1\" \/>\n<link rel=\"canonical\" href=\"https:\/\/www.energiversum.se\/?page_id=1208\" \/>\n<meta property=\"og:locale\" content=\"sv_SE\" \/>\n<meta property=\"og:type\" content=\"article\" \/>\n<meta property=\"og:title\" content=\"Behandlingar - ENERGIVERSUM\" \/>\n<meta property=\"og:url\" content=\"https:\/\/www.energiversum.se\/?page_id=1208\" \/>\n<meta property=\"og:site_name\" content=\"ENERGIVERSUM\" \/>\n<meta property=\"article:publisher\" content=\"https:\/\/www.facebook.com\/hilding.eklund\" \/>\n<meta property=\"article:modified_time\" content=\"2025-03-13T10:19:24+00:00\" \/>\n<meta name=\"twitter:card\" content=\"summary_large_image\" \/>\n<script type=\"application\/ld+json\" class=\"yoast-schema-graph\">{\"@context\":\"https:\/\/schema.org\",\"@graph\":[{\"@type\":\"WebPage\",\"@id\":\"https:\/\/www.energiversum.se\/?page_id=1208\",\"url\":\"https:\/\/www.energiversum.se\/?page_id=1208\",\"name\":\"Behandlingar - ENERGIVERSUM\",\"isPartOf\":{\"@id\":\"https:\/\/www.energiversum.se\/#website\"},\"datePublished\":\"2025-03-12T19:48:49+00:00\",\"dateModified\":\"2025-03-13T10:19:24+00:00\",\"breadcrumb\":{\"@id\":\"https:\/\/www.energiversum.se\/?page_id=1208#breadcrumb\"},\"inLanguage\":\"sv-SE\",\"potentialAction\":[{\"@type\":\"ReadAction\",\"target\":[\"https:\/\/www.energiversum.se\/?page_id=1208\"]}]},{\"@type\":\"BreadcrumbList\",\"@id\":\"https:\/\/www.energiversum.se\/?page_id=1208#breadcrumb\",\"itemListElement\":[{\"@type\":\"ListItem\",\"position\":1,\"name\":\"Hem\",\"item\":\"https:\/\/www.energiversum.se\/\"},{\"@type\":\"ListItem\",\"position\":2,\"name\":\"Behandlingar\"}]},{\"@type\":\"WebSite\",\"@id\":\"https:\/\/www.energiversum.se\/#website\",\"url\":\"https:\/\/www.energiversum.se\/\",\"name\":\"energiversum\",\"description\":\"ett litet f\u00f6retag med o\u00e4ndliga m\u00e5l\",\"publisher\":{\"@id\":\"https:\/\/www.energiversum.se\/#organization\"},\"potentialAction\":[{\"@type\":\"SearchAction\",\"target\":{\"@type\":\"EntryPoint\",\"urlTemplate\":\"https:\/\/www.energiversum.se\/?s={search_term_string}\"},\"query-input\":{\"@type\":\"PropertyValueSpecification\",\"valueRequired\":true,\"valueName\":\"search_term_string\"}}],\"inLanguage\":\"sv-SE\"},{\"@type\":\"Organization\",\"@id\":\"https:\/\/www.energiversum.se\/#organization\",\"name\":\"energiversum\",\"url\":\"https:\/\/www.energiversum.se\/\",\"logo\":{\"@type\":\"ImageObject\",\"inLanguage\":\"sv-SE\",\"@id\":\"https:\/\/www.energiversum.se\/#\/schema\/logo\/image\/\",\"url\":\"https:\/\/www.energiversum.se\/wp-content\/uploads\/2023\/06\/4a28fd_d7c9fcefb24f4f8d8ad74aa78ce9caf3_mv1-2.webp\",\"contentUrl\":\"https:\/\/www.energiversum.se\/wp-content\/uploads\/2023\/06\/4a28fd_d7c9fcefb24f4f8d8ad74aa78ce9caf3_mv1-2.webp\",\"width\":222,\"height\":223,\"caption\":\"energiversum\"},\"image\":{\"@id\":\"https:\/\/www.energiversum.se\/#\/schema\/logo\/image\/\"},\"sameAs\":[\"https:\/\/www.facebook.com\/hilding.eklund\"]}]}<\/script>\n<!-- \/ Yoast SEO plugin. -->","yoast_head_json":{"title":"Behandlingar - ENERGIVERSUM","robots":{"index":"index","follow":"follow","max-snippet":"max-snippet:-1","max-image-preview":"max-image-preview:large","max-video-preview":"max-video-preview:-1"},"canonical":"https:\/\/www.energiversum.se\/?page_id=1208","og_locale":"sv_SE","og_type":"article","og_title":"Behandlingar - ENERGIVERSUM","og_url":"https:\/\/www.energiversum.se\/?page_id=1208","og_site_name":"ENERGIVERSUM","article_publisher":"https:\/\/www.facebook.com\/hilding.eklund","article_modified_time":"2025-03-13T10:19:24+00:00","twitter_card":"summary_large_image","schema":{"@context":"https:\/\/schema.org","@graph":[{"@type":"WebPage","@id":"https:\/\/www.energiversum.se\/?page_id=1208","url":"https:\/\/www.energiversum.se\/?page_id=1208","name":"Behandlingar - ENERGIVERSUM","isPartOf":{"@id":"https:\/\/www.energiversum.se\/#website"},"datePublished":"2025-03-12T19:48:49+00:00","dateModified":"2025-03-13T10:19:24+00:00","breadcrumb":{"@id":"https:\/\/www.energiversum.se\/?page_id=1208#breadcrumb"},"inLanguage":"sv-SE","potentialAction":[{"@type":"ReadAction","target":["https:\/\/www.energiversum.se\/?page_id=1208"]}]},{"@type":"BreadcrumbList","@id":"https:\/\/www.energiversum.se\/?page_id=1208#breadcrumb","itemListElement":[{"@type":"ListItem","position":1,"name":"Hem","item":"https:\/\/www.energiversum.se\/"},{"@type":"ListItem","position":2,"name":"Behandlingar"}]},{"@type":"WebSite","@id":"https:\/\/www.energiversum.se\/#website","url":"https:\/\/www.energiversum.se\/","name":"energiversum","description":"ett litet f\u00f6retag med o\u00e4ndliga m\u00e5l","publisher":{"@id":"https:\/\/www.energiversum.se\/#organization"},"potentialAction":[{"@type":"SearchAction","target":{"@type":"EntryPoint","urlTemplate":"https:\/\/www.energiversum.se\/?s={search_term_string}"},"query-input":{"@type":"PropertyValueSpecification","valueRequired":true,"valueName":"search_term_string"}}],"inLanguage":"sv-SE"},{"@type":"Organization","@id":"https:\/\/www.energiversum.se\/#organization","name":"energiversum","url":"https:\/\/www.energiversum.se\/","logo":{"@type":"ImageObject","inLanguage":"sv-SE","@id":"https:\/\/www.energiversum.se\/#\/schema\/logo\/image\/","url":"https:\/\/www.energiversum.se\/wp-content\/uploads\/2023\/06\/4a28fd_d7c9fcefb24f4f8d8ad74aa78ce9caf3_mv1-2.webp","contentUrl":"https:\/\/www.energiversum.se\/wp-content\/uploads\/2023\/06\/4a28fd_d7c9fcefb24f4f8d8ad74aa78ce9caf3_mv1-2.webp","width":222,"height":223,"caption":"energiversum"},"image":{"@id":"https:\/\/www.energiversum.se\/#\/schema\/logo\/image\/"},"sameAs":["https:\/\/www.facebook.com\/hilding.eklund"]}]}},"_links":{"self":[{"href":"https:\/\/www.energiversum.se\/index.php?rest_route=\/wp\/v2\/pages\/1208","targetHints":{"allow":["GET"]}}],"collection":[{"href":"https:\/\/www.energiversum.se\/index.php?rest_route=\/wp\/v2\/pages"}],"about":[{"href":"https:\/\/www.energiversum.se\/index.php?rest_route=\/wp\/v2\/types\/page"}],"author":[{"embeddable":true,"href":"https:\/\/www.energiversum.se\/index.php?rest_route=\/wp\/v2\/users\/1"}],"replies":[{"embeddable":true,"href":"https:\/\/www.energiversum.se\/index.php?rest_route=%2Fwp%2Fv2%2Fcomments&post=1208"}],"version-history":[{"count":33,"href":"https:\/\/www.energiversum.se\/index.php?rest_route=\/wp\/v2\/pages\/1208\/revisions"}],"predecessor-version":[{"id":2346,"href":"https:\/\/www.energiversum.se\/index.php?rest_route=\/wp\/v2\/pages\/1208\/revisions\/2346"}],"wp:attachment":[{"href":"https:\/\/www.energiversum.se\/index.php?rest_route=%2Fwp%2Fv2%2Fmedia&parent=1208"}],"curies":[{"name":"wp","href":"https:\/\/api.w.org\/{rel}","templated":true}]}}